{"id":1147,"date":"2025-02-20T10:56:43","date_gmt":"2025-02-20T10:56:43","guid":{"rendered":"https:\/\/voitelukeskus.fi\/?post_type=product&#038;p=1147"},"modified":"2025-07-16T10:22:57","modified_gmt":"2025-07-16T10:22:57","slug":"pemco-diesel-g-4-shpd-15w-40-raskaankaluston-moottorioljy","status":"publish","type":"product","link":"https:\/\/voitelukeskus.fi\/fi\/tuote\/pemco-diesel-g-4-shpd-15w-40-raskaankaluston-moottorioljy\/","title":{"rendered":"Pemco Diesel G-4 SHPD 15W-40 raskaankaluston moottori\u00f6ljy 20L"},"content":{"rendered":"<p>Osasynteettinen moottori\u00f6ljy ilman hiukkasuodatinta (DPF) oleville ahdetuille ja ahtamattomille raskaan kaluston dieselmoottoreille.<\/p>\n<p><strong>Tuotteen ominaisuudet:<\/strong><br \/>\n<img fetchpriority=\"high\" decoding=\"async\" class=\"alignnone size-full wp-image-1081\" src=\"https:\/\/www.hitech.fi\/hitech\/wp-content\/uploads\/2023\/12\/G-4_ominaisuudet.jpg\" alt=\"\" width=\"635\" height=\"189\" \/><\/p>\n","protected":false},"excerpt":{"rendered":"<p><strong>T\u00e4ytt\u00e4\u00e4 seuraavat luokitukset:<\/strong><br \/>\nSAE 15W-40; API CI-4 Plus; API CI-4\/CH-4\/SL; ACEA E7, A3\/B4; JASO DH-1; GLOBAL DHD-1; CATERPILLAR ECF-1-a\/-2; CUMMINS CES 20076\/-077\/=078; DETROIT DIESEL 93K215; MACK EO-N\/EO-M Plus; MAN M 3275-1; MB 228.1\/228.3; RENAULT RLD-2; VOLVO VDS-3; MTU Type 2<\/p>\n<p><strong>Pakkauskoot:<\/strong><br \/>\n20L \/ 208L<\/p>\n","protected":false},"featured_media":1206,"comment_status":"closed","ping_status":"closed","template":"","meta":{"_acf_changed":false},"product_brand":[134],"product_cat":[36,40],"product_tag":[161,131,133],"class_list":{"0":"post-1147","1":"product","2":"type-product","3":"status-publish","4":"has-post-thumbnail","6":"product_brand-pemco","7":"product_cat-oljyt","8":"product_cat-raskaan-kaluston-moottorioljyt","9":"product_tag-15w-40","10":"product_tag-pemco","11":"product_tag-raskaan-kaluston-moottorioljyt","13":"first","14":"instock","15":"taxable","16":"shipping-taxable","17":"purchasable","18":"product-type-simple"},"acf":[],"_links":{"self":[{"href":"https:\/\/voitelukeskus.fi\/fi\/wp-json\/wp\/v2\/product\/1147","targetHints":{"allow":["GET"]}}],"collection":[{"href":"https:\/\/voitelukeskus.fi\/fi\/wp-json\/wp\/v2\/product"}],"about":[{"href":"https:\/\/voitelukeskus.fi\/fi\/wp-json\/wp\/v2\/types\/product"}],"replies":[{"embeddable":true,"href":"https:\/\/voitelukeskus.fi\/fi\/wp-json\/wp\/v2\/comments?post=1147"}],"wp:featuredmedia":[{"embeddable":true,"href":"https:\/\/voitelukeskus.fi\/fi\/wp-json\/wp\/v2\/media\/1206"}],"wp:attachment":[{"href":"https:\/\/voitelukeskus.fi\/fi\/wp-json\/wp\/v2\/media?parent=1147"}],"wp:term":[{"taxonomy":"product_brand","embeddable":true,"href":"https:\/\/voitelukeskus.fi\/fi\/wp-json\/wp\/v2\/product_brand?post=1147"},{"taxonomy":"product_cat","embeddable":true,"href":"https:\/\/voitelukeskus.fi\/fi\/wp-json\/wp\/v2\/product_cat?post=1147"},{"taxonomy":"product_tag","embeddable":true,"href":"https:\/\/voitelukeskus.fi\/fi\/wp-json\/wp\/v2\/product_tag?post=1147"}],"curies":[{"name":"wp","href":"https:\/\/api.w.org\/{rel}","templated":true}]}}