{"id":1143,"date":"2025-02-20T10:56:42","date_gmt":"2025-02-20T10:56:42","guid":{"rendered":"https:\/\/voitelukeskus.fi\/?post_type=product&#038;p=1143"},"modified":"2025-05-07T08:59:06","modified_gmt":"2025-05-07T08:59:06","slug":"teho-oljynpoistaja-biohajoava","status":"publish","type":"product","link":"https:\/\/voitelukeskus.fi\/fi\/tuote\/teho-oljynpoistaja-biohajoava\/","title":{"rendered":"TEHO \u00d6ljynpoistaja (biohajoava)"},"content":{"rendered":"<p><strong>TEHO \u00d6ljynpoistaja on eritt\u00e4in tehokas biohajoava \u00f6ljyn, dieselin ja rasvanpoistoaine. K\u00e4ytet\u00e4\u00e4n \u00f6ljyn, dieselin ja rasvanpoistoon ajoteilt\u00e4, autotalleista ja korjaamoista, jalkak\u00e4yt\u00e4vilt\u00e4, tankkauspisteill\u00e4, kolaripaikoilla, jne. <\/strong><\/p>\n<p><strong>\u00a0<\/strong><\/p>\n<p>TEHO \u00d6ljynpoistaja perustuu kehittyneeseen, uudensukupolven kemiaan, joka pureutuu syv\u00e4lle huokoisiin pintoihin, kuten betoniin, asphalttiin ja kivetykseen. Ei j\u00e4\u00e4 pelk\u00e4st\u00e4\u00e4n pintaan vaan pureutuu pinnan alle ja nostaa rasvaisen lian yl\u00f6s. Erinomainen my\u00f6s pinnassa olevan \u00f6ljyn ja rasvan poistoon koneista ja laitteista, moottoreista, maatalouskoneista, moottoripy\u00f6rist\u00e4, jne.<\/p>\n<p>&nbsp;<\/p>\n<p><strong>Soveltuu erinomaisesti moottoreiden pesuun, eik\u00e4 ole voimakkaasti korroosiota aiheuttava herkille alumiinipinnoille<\/strong>.<\/p>\n<p><strong>\u00a0<\/strong><\/p>\n<p><strong>Erinomainen tuote \u00f6ljyvahinkojen j\u00e4lkisiivouksessa<\/strong>: imeyt\u00e4 nestem\u00e4inen \u00f6ljy tai diesel imeytysaineeseen ja pese alue t\u00e4m\u00e4n j\u00e4lkeen TEHO \u00d6ljynpoistajalla.<\/p>\n<ul>\n<li><strong>Biohajoava<\/strong><\/li>\n<li><strong>Ei syttyv\u00e4<\/strong><\/li>\n<li><strong>Liuotinvapaa<\/strong><\/li>\n<li><strong>Ei sis\u00e4ll\u00e4 hankausaineita<\/strong><\/li>\n<li><strong>Taloudellinen k\u00e4ytt\u00e4\u00e4<\/strong><\/li>\n<\/ul>\n<p><strong>\u00a0<\/strong><\/p>\n<p><strong>K\u00c4YTT\u00d6OHJE: <\/strong><\/p>\n<p><strong>\u00a0<\/strong><\/p>\n<ul>\n<li>Sekoita veteen 2 \u2013 10 % tuotetta riippuen pinnan likaisuudesta (eritt\u00e4in likainen 20%).<\/li>\n<li>Sumuta tai kastele k\u00e4sitelt\u00e4v\u00e4 pinta ja anna vaikuttaa v\u00e4hint\u00e4\u00e4n 5-15 minuuttia.<\/li>\n<li>Huokoisilla pinnoilla, kuten betonilla, asphaltilla, kivetyksell\u00e4 ja tiilell\u00e4, hankaa j\u00e4yk\u00e4ll\u00e4 harjalla tarvittaessa.<\/li>\n<li>Huuhtele letkulla, painepesurilla tai painehuuhteluyksik\u00f6ll\u00e4 (esim. kadun pesukone).<\/li>\n<\/ul>\n<p>&nbsp;<\/p>\n<p>Tuotenumero: 2045<\/p>\n","protected":false},"excerpt":{"rendered":"<p><strong>TEHO \u00d6ljynpoistaja <\/strong>on eritt\u00e4in tehokas biohajoava \u00f6ljyn, dieselin ja rasvanpoistoaine. K\u00e4ytet\u00e4\u00e4n \u00f6ljyn, dieselin ja rasvanpoistoon ajoteilt\u00e4, autotalleista ja korjaamoista, jalkak\u00e4yt\u00e4vilt\u00e4, tankkauspisteill\u00e4, kolaripaikoilla, jne.<\/p>\n<p>Pakkauskoko 5L<\/p>\n","protected":false},"featured_media":1193,"comment_status":"closed","ping_status":"closed","template":"","meta":{"_acf_changed":false},"product_brand":[136],"product_cat":[38,90],"product_tag":[],"class_list":{"0":"post-1143","1":"product","2":"type-product","3":"status-publish","4":"has-post-thumbnail","6":"product_brand-teho","7":"product_cat-huoltokemikaalit-ja-puhdistusaineet","8":"product_cat-pesuaineet","10":"first","11":"instock","12":"taxable","13":"shipping-taxable","14":"purchasable","15":"product-type-simple"},"acf":[],"_links":{"self":[{"href":"https:\/\/voitelukeskus.fi\/fi\/wp-json\/wp\/v2\/product\/1143","targetHints":{"allow":["GET"]}}],"collection":[{"href":"https:\/\/voitelukeskus.fi\/fi\/wp-json\/wp\/v2\/product"}],"about":[{"href":"https:\/\/voitelukeskus.fi\/fi\/wp-json\/wp\/v2\/types\/product"}],"replies":[{"embeddable":true,"href":"https:\/\/voitelukeskus.fi\/fi\/wp-json\/wp\/v2\/comments?post=1143"}],"wp:featuredmedia":[{"embeddable":true,"href":"https:\/\/voitelukeskus.fi\/fi\/wp-json\/wp\/v2\/media\/1193"}],"wp:attachment":[{"href":"https:\/\/voitelukeskus.fi\/fi\/wp-json\/wp\/v2\/media?parent=1143"}],"wp:term":[{"taxonomy":"product_brand","embeddable":true,"href":"https:\/\/voitelukeskus.fi\/fi\/wp-json\/wp\/v2\/product_brand?post=1143"},{"taxonomy":"product_cat","embeddable":true,"href":"https:\/\/voitelukeskus.fi\/fi\/wp-json\/wp\/v2\/product_cat?post=1143"},{"taxonomy":"product_tag","embeddable":true,"href":"https:\/\/voitelukeskus.fi\/fi\/wp-json\/wp\/v2\/product_tag?post=1143"}],"curies":[{"name":"wp","href":"https:\/\/api.w.org\/{rel}","templated":true}]}}