{"id":1113,"date":"2025-02-20T10:55:51","date_gmt":"2025-02-20T10:55:51","guid":{"rendered":"https:\/\/voitelukeskus.fi\/?post_type=product&#038;p=1113"},"modified":"2026-02-04T08:29:50","modified_gmt":"2026-02-04T06:29:50","slug":"teho-tohryn-poistaja-aerosoli","status":"publish","type":"product","link":"https:\/\/voitelukeskus.fi\/fi\/tuote\/teho-tohryn-poistaja-aerosoli\/","title":{"rendered":"TEHO T\u00f6hryn Poistaja -aerosoli"},"content":{"rendered":"<p><strong>Eritt\u00e4in tehokas graffitien ja t\u00f6hryjen poistoaerosoli, joka sis\u00e4lt\u00e4\u00e4 mm. aromaattisia- ja kloorattuja hiilivetyj\u00e4, ketoneita ja alkoholeja. <\/strong><\/p>\n<p>&nbsp;<\/p>\n<p>TEHO T\u00f6hryn Poistaja poistaa nopeasti pinttyneimm\u00e4t ja sitkeimm\u00e4tkin t\u00f6hryt mm. aerosolimaalit, huopa- ja kuulakyn\u00e4n j\u00e4ljet, huulipunan, musteet, tarraliimat ja liimat.<\/p>\n<p>TEHO T\u00f6hryn Poistaja toimii nopeasti ja v\u00e4hent\u00e4\u00e4 p\u00e4\u00e4lle maalauksesta, uudelleen verhoilusta (vinyyli), hiekkapuhalluksesta aiheutuvia kustannuksia. Soveltuu useimmille koville pinnoille kuten keraaminenlaatta, lasi, metalli, alumiini, linoleumi jne.<\/p>\n<p>&nbsp;<\/p>\n<p><strong>HUOM. AMMATTIK\u00c4YTT\u00d6\u00d6N!<\/strong><\/p>\n<p><strong>K\u00c4YTT\u00d6OHJE:<\/strong><\/p>\n<ul>\n<li>Ravista hyvin.<\/li>\n<li>Sumuta n. 20 cm et\u00e4isyydelt\u00e4 puhdistettavalle pinnalle.<\/li>\n<li>Anna vaikuttaa hetki ja pyyhi puhtaalla kuivalla liinalla.<\/li>\n<li>HUOM! Maalatuille ja muovipinnoille testaa ensin huomaamattomalle alueelle.<\/li>\n<\/ul>\n<p>&nbsp;<\/p>\n<p>Tuotenumero: 5115<\/p>\n<p>Vain ammattik\u00e4ytt\u00f6\u00f6n.<\/p>\n","protected":false},"excerpt":{"rendered":"<p><strong>TEHO T\u00f6hryn Poistaja<\/strong> on eritt\u00e4in tehokas graffitien ja t\u00f6hryjen poistoaerosoli, joka sis\u00e4lt\u00e4\u00e4 mm. aromaattisia- ja kloorattuja hiilivetyj\u00e4, ketoneita ja alkoholeja.<\/p>\n<p><strong>Tuote on pakattu aerosolipulloon, jonka nettotilavuus on 500 ml. Myyntier\u00e4 on yksi (1) laatikko, joka sis\u00e4lt\u00e4\u00e4 12 pulloa.<\/strong><\/p>\n","protected":false},"featured_media":1169,"comment_status":"closed","ping_status":"closed","template":"","meta":{"_acf_changed":false},"product_brand":[136],"product_cat":[78,38],"product_tag":[],"class_list":{"0":"post-1113","1":"product","2":"type-product","3":"status-publish","4":"has-post-thumbnail","6":"product_brand-teho","7":"product_cat-aerosolit-ja-sprayt","8":"product_cat-huoltokemikaalit-ja-puhdistusaineet","10":"first","11":"instock","12":"taxable","13":"shipping-taxable","14":"purchasable","15":"product-type-simple"},"acf":[],"_links":{"self":[{"href":"https:\/\/voitelukeskus.fi\/fi\/wp-json\/wp\/v2\/product\/1113","targetHints":{"allow":["GET"]}}],"collection":[{"href":"https:\/\/voitelukeskus.fi\/fi\/wp-json\/wp\/v2\/product"}],"about":[{"href":"https:\/\/voitelukeskus.fi\/fi\/wp-json\/wp\/v2\/types\/product"}],"replies":[{"embeddable":true,"href":"https:\/\/voitelukeskus.fi\/fi\/wp-json\/wp\/v2\/comments?post=1113"}],"wp:featuredmedia":[{"embeddable":true,"href":"https:\/\/voitelukeskus.fi\/fi\/wp-json\/wp\/v2\/media\/1169"}],"wp:attachment":[{"href":"https:\/\/voitelukeskus.fi\/fi\/wp-json\/wp\/v2\/media?parent=1113"}],"wp:term":[{"taxonomy":"product_brand","embeddable":true,"href":"https:\/\/voitelukeskus.fi\/fi\/wp-json\/wp\/v2\/product_brand?post=1113"},{"taxonomy":"product_cat","embeddable":true,"href":"https:\/\/voitelukeskus.fi\/fi\/wp-json\/wp\/v2\/product_cat?post=1113"},{"taxonomy":"product_tag","embeddable":true,"href":"https:\/\/voitelukeskus.fi\/fi\/wp-json\/wp\/v2\/product_tag?post=1113"}],"curies":[{"name":"wp","href":"https:\/\/api.w.org\/{rel}","templated":true}]}}