{"id":1108,"date":"2025-02-20T10:55:49","date_gmt":"2025-02-20T10:55:49","guid":{"rendered":"https:\/\/voitelukeskus.fi\/?post_type=product&#038;p=1108"},"modified":"2025-07-16T08:23:01","modified_gmt":"2025-07-16T08:23:01","slug":"teho-tarttuva-painerasva","status":"publish","type":"product","link":"https:\/\/voitelukeskus.fi\/fi\/tuote\/teho-tarttuva-painerasva\/","title":{"rendered":"TEHO Tarttuva Painerasva"},"content":{"rendered":"<p><strong>TEHO Tarttuva Painerasva on erinomaisesti tarttuva ja voiteleva synteettinen korkeapainerasva. <\/strong><\/p>\n<p><strong>\u00a0<\/strong><\/p>\n<p>Varmistaa tehokkaan ja pitk\u00e4kestoisen voitelun liikkuville osille. Voidaan k\u00e4ytt\u00e4\u00e4 vaativissa kosteus ja l\u00e4mp\u00f6tila olosuhteissa (k\u00e4ytt\u00f6l\u00e4mp\u00f6tila v\u00e4lill\u00e4 -40\u00b0C\u00a0 &#8211;\u00a0 +210\u00b0C). K\u00e4ytet\u00e4\u00e4n erityisesti nopeasti liikkuvien osien kuten ketjujen voiteluun, jossa vaaditaan erinomaista tarttuvuutta ja voitelua.<\/p>\n<p><strong>Suositellaan k\u00e4ytett\u00e4v\u00e4ksi vaativaan voiteluun: saranat, ketjut, hammasrattaat, kuljetinhihnat, vetop\u00f6yd\u00e4t, alustaosat, vetokoukut ja -tapit, jne. <\/strong><\/p>\n<p><strong>\u00a0<\/strong><\/p>\n<p><strong>HUOM. AMMATTIK\u00c4YTT\u00d6\u00d6N!<\/strong><\/p>\n<p><strong>K\u00c4YTT\u00d6OHJE:<\/strong><\/p>\n<ol>\n<li>Ravista pulloa hyvin (yli 7 sekuntia) ennen k\u00e4ytt\u00f6\u00e4.<\/li>\n<li>Varmista, ett\u00e4 voideltavan kohteen mahdolliset liikkuvat osat on kytketty pois k\u00e4yt\u00f6st\u00e4.<\/li>\n<li>Suihkuta voitelurasvaa kauttaaltaan voideltavaan kohteeseen.<\/li>\n<li>Anna voitelurasvan tunkeutua ja tarttua voideltavaan kohteeseen, sek\u00e4 odota tunkeutuvien aineosien haihtumista ennen kohteen\/koneen\/laitteen k\u00e4ytt\u00f6\u00e4.<\/li>\n<\/ol>\n<p><strong>HUOM:<\/strong> Mik\u00e4li halutaan paksumpia rasvakerroksia, voidaan rasvaa ruiskuttaa kohteeseen noin 30-60 sekunnin v\u00e4lein.<\/p>\n<p><strong>\u00a0<\/strong><\/p>\n<p><strong>Tuotenumero: 5049<\/strong><\/p>\n","protected":false},"excerpt":{"rendered":"<p><strong>TEHO Tarttuva Painerasva <\/strong>on erinomaisesti tarttuva ja voiteleva synteettinen korkeapainerasva.<\/p>\n<p><strong>Tuote on pakattu aerosolipulloon, jonka nettotilavuus on 600ml. Myyntier\u00e4 on yksi (1) laatikko, joka sis\u00e4lt\u00e4\u00e4 12 pulloa. <\/strong><\/p>\n","protected":false},"featured_media":1157,"comment_status":"closed","ping_status":"closed","template":"","meta":{"_acf_changed":false},"product_brand":[136],"product_cat":[78,38],"product_tag":[],"class_list":{"0":"post-1108","1":"product","2":"type-product","3":"status-publish","4":"has-post-thumbnail","6":"product_brand-teho","7":"product_cat-aerosolit-ja-sprayt","8":"product_cat-huoltokemikaalit-ja-puhdistusaineet","10":"first","11":"instock","12":"taxable","13":"shipping-taxable","14":"purchasable","15":"product-type-simple"},"acf":[],"_links":{"self":[{"href":"https:\/\/voitelukeskus.fi\/fi\/wp-json\/wp\/v2\/product\/1108","targetHints":{"allow":["GET"]}}],"collection":[{"href":"https:\/\/voitelukeskus.fi\/fi\/wp-json\/wp\/v2\/product"}],"about":[{"href":"https:\/\/voitelukeskus.fi\/fi\/wp-json\/wp\/v2\/types\/product"}],"replies":[{"embeddable":true,"href":"https:\/\/voitelukeskus.fi\/fi\/wp-json\/wp\/v2\/comments?post=1108"}],"wp:featuredmedia":[{"embeddable":true,"href":"https:\/\/voitelukeskus.fi\/fi\/wp-json\/wp\/v2\/media\/1157"}],"wp:attachment":[{"href":"https:\/\/voitelukeskus.fi\/fi\/wp-json\/wp\/v2\/media?parent=1108"}],"wp:term":[{"taxonomy":"product_brand","embeddable":true,"href":"https:\/\/voitelukeskus.fi\/fi\/wp-json\/wp\/v2\/product_brand?post=1108"},{"taxonomy":"product_cat","embeddable":true,"href":"https:\/\/voitelukeskus.fi\/fi\/wp-json\/wp\/v2\/product_cat?post=1108"},{"taxonomy":"product_tag","embeddable":true,"href":"https:\/\/voitelukeskus.fi\/fi\/wp-json\/wp\/v2\/product_tag?post=1108"}],"curies":[{"name":"wp","href":"https:\/\/api.w.org\/{rel}","templated":true}]}}