{"id":1106,"date":"2025-02-20T10:55:48","date_gmt":"2025-02-20T10:55:48","guid":{"rendered":"https:\/\/voitelukeskus.fi\/?post_type=product&#038;p=1106"},"modified":"2025-07-16T08:07:41","modified_gmt":"2025-07-16T08:07:41","slug":"teho-super-fast-cleaner-rasvanpoistoaerosoli","status":"publish","type":"product","link":"https:\/\/voitelukeskus.fi\/fi\/tuote\/teho-super-fast-cleaner-rasvanpoistoaerosoli\/","title":{"rendered":"TEHO Super Fast Cleaner -rasvanpoistoaerosoli"},"content":{"rendered":"<p><strong>Eritt\u00e4in nopeasti haihtuva teollinen rasvanpoistaja. Puhdistaa j\u00e4lki\u00e4 j\u00e4tt\u00e4m\u00e4tt\u00e4:<\/strong><\/p>\n<ul>\n<li>Kaikki jarruosat<\/li>\n<li>Moottoriosat<\/li>\n<li>Teollisuuden koneet ja laitteet<\/li>\n<li>EI J\u00c4T\u00c4 AINEJ\u00c4\u00c4MI\u00c4!<\/li>\n<\/ul>\n<p><strong>\u00a0<\/strong><\/p>\n<p><strong>TEHO Super Fast Cleaner on eritt\u00e4in nopeasti haihtuva teollinen rasvanpoistoaerosoli, <\/strong>joka koostuu sekoituksesta tehokkaita liuottimia. Tuote on monik\u00e4ytt\u00f6inen ja soveltuu k\u00e4ytet-t\u00e4v\u00e4ksi eri kohteissa, joissa vaaditaan eritt\u00e4in nopeaa haihtumista ja kuivumista. Ei j\u00e4t\u00e4 mink\u00e4\u00e4nlaisia ainej\u00e4\u00e4mi\u00e4. Soveltuu erinomaisesti k\u00e4ytett\u00e4v\u00e4ksi kaikkien jarruosin (rummut, levyt, m\u00e4nn\u00e4t, jne.), sek\u00e4 kaikilla metalli pinnoilla rasvojen, \u00f6ljyjen, bitumin, silikoni-rasvojen, liimojen, painomusteen, jne. puhdistuk-seen. Tuote on v\u00e4rit\u00f6n neste ja sen tiheys 20 \u00b0C l\u00e4mp\u00f6tilassa on 0.80. Ei sis\u00e4ll\u00e4 kloorattuja hiilivetyj\u00e4, eik\u00e4 aiheuta korroosiota. Testaa kuitenkin aina pienell\u00e4 alalla ennen k\u00e4ytt\u00f6\u00e4.<\/p>\n<p><strong>\u00a0<\/strong><\/p>\n<p><strong>HUOM. AMMATTIK\u00c4YTT\u00d6\u00d6N!<\/strong><\/p>\n<p><strong>K\u00c4YTT\u00d6OHJE:<\/strong><\/p>\n<ol>\n<li>Ravista purkkia hyvin. K\u00e4yt\u00e4 vain hyvin tuuletetussa tilassa.<\/li>\n<li>Suihkuta runsaasti puhdistettavalle pinnalle n. 20 cm et\u00e4isyydelt\u00e4.<\/li>\n<li>Anna aineen vaikuttaa muutamia sekunteja. Toista k\u00e4sittely tarvittaessa heti uudestaan, riippuen kohteen likaisuudesta ja halutusta lopputuloksesta.<\/li>\n<li><strong>T\u00c4RKE\u00c4\u00c4!<\/strong> Ei saa k\u00e4ytt\u00e4\u00e4 l\u00e4hell\u00e4 kuumia esineit\u00e4 ja sytytysl\u00e4hteit\u00e4 (esim. Hitsauslaitteet hitsauksen aikana).<\/li>\n<\/ol>\n<p>&nbsp;<\/p>\n<p>Tuotenumero: 5045<\/p>\n<p>Ammattik\u00e4ytt\u00f6\u00f6n.<\/p>\n","protected":false},"excerpt":{"rendered":"<p><strong>TEHO Super Fast Cleaner <\/strong>on eritt\u00e4in nopeasti haihtuva teollinen rasvanpoistoaerosoli, joka koostuu sekoituksesta tehokkaita liuottimia. Tuote on monik\u00e4ytt\u00f6inen ja soveltuu k\u00e4ytet-t\u00e4v\u00e4ksi eri kohteissa, joissa vaaditaan eritt\u00e4in nopeaa haihtumista ja kuivumista. Ei j\u00e4t\u00e4 mink\u00e4\u00e4nlaisia ainej\u00e4\u00e4mi\u00e4.<\/p>\n<p><strong>Tuote on pakattu aerosolipulloon, jonka nettotilavuus on 400ml. Myyntier\u00e4 on yksi (1) laatikko, joka sis\u00e4lt\u00e4\u00e4 12 pulloa. <\/strong><\/p>\n","protected":false},"featured_media":1155,"comment_status":"closed","ping_status":"closed","template":"","meta":{"_acf_changed":false},"product_brand":[136],"product_cat":[78,38],"product_tag":[],"class_list":{"0":"post-1106","1":"product","2":"type-product","3":"status-publish","4":"has-post-thumbnail","6":"product_brand-teho","7":"product_cat-aerosolit-ja-sprayt","8":"product_cat-huoltokemikaalit-ja-puhdistusaineet","10":"first","11":"instock","12":"taxable","13":"shipping-taxable","14":"purchasable","15":"product-type-simple"},"acf":[],"_links":{"self":[{"href":"https:\/\/voitelukeskus.fi\/fi\/wp-json\/wp\/v2\/product\/1106","targetHints":{"allow":["GET"]}}],"collection":[{"href":"https:\/\/voitelukeskus.fi\/fi\/wp-json\/wp\/v2\/product"}],"about":[{"href":"https:\/\/voitelukeskus.fi\/fi\/wp-json\/wp\/v2\/types\/product"}],"replies":[{"embeddable":true,"href":"https:\/\/voitelukeskus.fi\/fi\/wp-json\/wp\/v2\/comments?post=1106"}],"wp:featuredmedia":[{"embeddable":true,"href":"https:\/\/voitelukeskus.fi\/fi\/wp-json\/wp\/v2\/media\/1155"}],"wp:attachment":[{"href":"https:\/\/voitelukeskus.fi\/fi\/wp-json\/wp\/v2\/media?parent=1106"}],"wp:term":[{"taxonomy":"product_brand","embeddable":true,"href":"https:\/\/voitelukeskus.fi\/fi\/wp-json\/wp\/v2\/product_brand?post=1106"},{"taxonomy":"product_cat","embeddable":true,"href":"https:\/\/voitelukeskus.fi\/fi\/wp-json\/wp\/v2\/product_cat?post=1106"},{"taxonomy":"product_tag","embeddable":true,"href":"https:\/\/voitelukeskus.fi\/fi\/wp-json\/wp\/v2\/product_tag?post=1106"}],"curies":[{"name":"wp","href":"https:\/\/api.w.org\/{rel}","templated":true}]}}