{"id":1068,"date":"2025-02-20T10:54:54","date_gmt":"2025-02-20T10:54:54","guid":{"rendered":"https:\/\/voitelukeskus.fi\/?post_type=product&#038;p=1068"},"modified":"2025-07-16T08:20:53","modified_gmt":"2025-07-16T08:20:53","slug":"teho-brake-cleaner-jarrujen-puhdistusaine","status":"publish","type":"product","link":"https:\/\/voitelukeskus.fi\/fi\/tuote\/teho-brake-cleaner-jarrujen-puhdistusaine\/","title":{"rendered":"TEHO Brake Cleaner+ -jarrujen puhdistusaine"},"content":{"rendered":"<p><strong>TEHO Brake Cleaner on eritt\u00e4in nopea ja tehokas jarrujen puhdistusaerosoli. <\/strong><\/p>\n<p><strong>Erityisesti jarrujen ja kytkinten puhdistukseen suunniteltu aerosoli. Erinomainen liuotin jarrunesteen, \u00f6ljyn, rasvan, karstan, p\u00f6lyn ja metalli j\u00e4\u00e4mien poistoon. Parantaa jarrujen toimintaa poistamalla haitallisen p\u00f6lyn. Poistaa my\u00f6s jarrujen \u201dvinkumisen\u201d.<\/strong><\/p>\n<p>Ei vaadi jarruj\u00e4rjestelm\u00e4n purkamista. Ei j\u00e4t\u00e4 ainej\u00e4\u00e4mi\u00e4. Tuotteen haihtumisnopeus on optimoitu parhaan mahdollisen lopputuloksen saavuttamiseksi. Liuottimella on aikaa tunkeutua j\u00e4rjestelm\u00e4\u00e4n ja poistaa tehokkaasti p\u00f6ly, lika ja metallij\u00e4\u00e4m\u00e4t. Nopea, tehokas ja pitk\u00e4aikainen vaikutus. K\u00e4tev\u00e4 aerosolipakkaus mahdollistaa p\u00e4\u00e4syn hankalimpiinkin paikkoihin.<\/p>\n<p>Ei sis\u00e4ll\u00e4 kloorattuja liuottimia eik\u00e4 glykolieetteri\u00e4.<\/p>\n<p>&nbsp;<\/p>\n<p><strong>HUOM. AMMATTIK\u00c4YTT\u00d6\u00d6N!<\/strong><\/p>\n<p><strong>K\u00c4YTT\u00d6OHJE:<\/strong><\/p>\n<ol>\n<li>Suihkuta runsaasti puhdistettaville osille.<\/li>\n<li>Pyyhi puhtaalla liinalla tai anna kuivua vapaasti.<\/li>\n<li>Toista k\u00e4sittely tarvittaessa.<\/li>\n<\/ol>\n<p>&nbsp;<\/p>\n<p>Tuotenumero: 5144<\/p>\n<p>Ammattik\u00e4ytt\u00f6\u00f6n.<\/p>\n","protected":false},"excerpt":{"rendered":"<p><strong>TEHO Brake Cleaner <\/strong>on eritt\u00e4in nopea ja tehokas jarrujen puhdistusaerosoli. Erityisesti jarrujen ja kytkinten puhdistukseen suunniteltu aerosoli. Erinomainen liuotin jarrunesteen, \u00f6ljyn, rasvan, karstan, p\u00f6lyn ja metalli j\u00e4\u00e4mien poistoon. Parantaa jarrujen toimintaa poistamalla haitallisen p\u00f6lyn. Poistaa my\u00f6s jarrujen \u201dvinkumisen\u201d.<\/p>\n<p><strong>Tuote on pakattu aerosolipulloon, jonka nettotilavuus on 600 ml. Myyntier\u00e4 on yksi (1) laatikko, joka sis\u00e4lt\u00e4\u00e4 12 pulloa.<\/strong><\/p>\n","protected":false},"featured_media":1117,"comment_status":"closed","ping_status":"closed","template":"","meta":{"_acf_changed":false},"product_brand":[136],"product_cat":[78,38],"product_tag":[],"class_list":{"0":"post-1068","1":"product","2":"type-product","3":"status-publish","4":"has-post-thumbnail","6":"product_brand-teho","7":"product_cat-aerosolit-ja-sprayt","8":"product_cat-huoltokemikaalit-ja-puhdistusaineet","10":"first","11":"instock","12":"taxable","13":"shipping-taxable","14":"purchasable","15":"product-type-simple"},"acf":[],"_links":{"self":[{"href":"https:\/\/voitelukeskus.fi\/fi\/wp-json\/wp\/v2\/product\/1068","targetHints":{"allow":["GET"]}}],"collection":[{"href":"https:\/\/voitelukeskus.fi\/fi\/wp-json\/wp\/v2\/product"}],"about":[{"href":"https:\/\/voitelukeskus.fi\/fi\/wp-json\/wp\/v2\/types\/product"}],"replies":[{"embeddable":true,"href":"https:\/\/voitelukeskus.fi\/fi\/wp-json\/wp\/v2\/comments?post=1068"}],"wp:featuredmedia":[{"embeddable":true,"href":"https:\/\/voitelukeskus.fi\/fi\/wp-json\/wp\/v2\/media\/1117"}],"wp:attachment":[{"href":"https:\/\/voitelukeskus.fi\/fi\/wp-json\/wp\/v2\/media?parent=1068"}],"wp:term":[{"taxonomy":"product_brand","embeddable":true,"href":"https:\/\/voitelukeskus.fi\/fi\/wp-json\/wp\/v2\/product_brand?post=1068"},{"taxonomy":"product_cat","embeddable":true,"href":"https:\/\/voitelukeskus.fi\/fi\/wp-json\/wp\/v2\/product_cat?post=1068"},{"taxonomy":"product_tag","embeddable":true,"href":"https:\/\/voitelukeskus.fi\/fi\/wp-json\/wp\/v2\/product_tag?post=1068"}],"curies":[{"name":"wp","href":"https:\/\/api.w.org\/{rel}","templated":true}]}}