{"id":1066,"date":"2025-02-20T10:54:53","date_gmt":"2025-02-20T10:54:53","guid":{"rendered":"https:\/\/voitelukeskus.fi\/?post_type=product&#038;p=1066"},"modified":"2025-07-15T08:37:04","modified_gmt":"2025-07-15T08:37:04","slug":"teho-autopesu-all-in-one-autoshampoo","status":"publish","type":"product","link":"https:\/\/voitelukeskus.fi\/fi\/tuote\/teho-autopesu-all-in-one-autoshampoo\/","title":{"rendered":"TEHO Autopesu All-in-One -autoshampoo"},"content":{"rendered":"<p><strong>Eritt\u00e4in tehokas autoshampoo ja painepesuaine, joka lis\u00e4\u00e4 pintojen kiiltoa.<\/strong><\/p>\n<p>Tuote on eritt\u00e4in tehokas akryylipohjainen autoshampoo, joka j\u00e4tt\u00e4\u00e4 suojaavan molekyylikerroksen ja lis\u00e4\u00e4 pinnan kiiltoa. Tuote on suunniteltu ammattik\u00e4ytt\u00f6\u00f6n Suomen olosuhteisiin.<\/p>\n<p><strong>Voidaan k\u00e4ytt\u00e4\u00e4 ajoneuvojen esipesussa\/painepesussa, sek\u00e4 k\u00e4sinpesussa sienell\u00e4 tai pesukintaalla.<\/strong> Voidaan k\u00e4ytt\u00e4\u00e4 henkil\u00f6autojen, pakettiautojen, rekkojen ja kaluston pesussa. Poistaa tehokkaasti maantielikaa, ilmansaasteita, polttoainej\u00e4\u00e4mi\u00e4, lintujen j\u00e4t\u00f6ksi\u00e4 sek\u00e4 hy\u00f6nteisten j\u00e4lki\u00e4. Tuote muodostaa runsaasti aktiivista vaahtoa, mutta huuhtoutuu helposti.<\/p>\n<p><strong>Edullinen k\u00e4ytt\u00e4\u00e4:<\/strong> k\u00e4ytt\u00f6liuos normaalipesussa painepesurilla 1-5%, ja k\u00e4sinpesussa sienell\u00e4 tai pesukintaalla riitt\u00e4\u00e4 10-20 litran \u00e4mp\u00e4riin 1 &#8211; 4 korkillinen pesuainetta. Tuote on \u201cvahaturvallinen\u201d k\u00e4ytett\u00e4ess\u00e4 enint\u00e4\u00e4n 5% seoksena, eik\u00e4 vaurioita maali, kromi, lasi tai lakkapintoja. Biohajoava.<\/p>\n<p><strong>\u00a0<\/strong><\/p>\n<p><strong>HUOM. AMMATTIK\u00c4YTT\u00d6\u00d6N!<\/strong><\/p>\n<p><strong>K\u00c4YTT\u00d6OHJE:<\/strong><\/p>\n<p>\u00c4l\u00e4 anna pesuaineen kuivua pest\u00e4v\u00e4lle pinnalle. V\u00e4lt\u00e4 ajoneuvon pesua suorassa auringonpaisteessa tai pintojen ollessa kuumat.<\/p>\n<p><strong>Esipesu ja painepesu:<\/strong><\/p>\n<ol>\n<li>Ruiskuta pest\u00e4v\u00e4lle pinnalle alhaalta yl\u00f6s seoksena 1-5%. Paras tulos saavutetaan painepesurin vaahdottajaa k\u00e4ytt\u00e4m\u00e4ll\u00e4, jolloin pinnalle muodostuu pesua tehostava aktiivinen paksu vaahtokerros eli snow foam.<\/li>\n<li>Anna vaikuttaa muutama minuutti, \u00e4l\u00e4 anna pesuaineen kuivua pest\u00e4v\u00e4lle pinnalle.<\/li>\n<li>Huuhtele painepesurilla kylm\u00e4ll\u00e4 tai l\u00e4mpim\u00e4ll\u00e4 vedell\u00e4 ylh\u00e4\u00e4lt\u00e4 alas.<\/li>\n<\/ol>\n<p>&nbsp;<\/p>\n<p><strong>K\u00e4sinpesu:<\/strong><\/p>\n<ol>\n<li>Sekoita 10-20 litran \u00e4mp\u00e4riin pesuainetta 1 &#8211; 4 korkillinen tuotetta.<\/li>\n<li>Pese ajoneuvo k\u00e4ytt\u00e4en hyv\u00e4laatuista pesusient\u00e4 tai \u2013kinnasta.<\/li>\n<li>\u00c4l\u00e4 anna pesuaineen kuivua pest\u00e4v\u00e4lle pinnalle. V\u00e4lt\u00e4 ajoneuvon pesua suorassa auringonpaisteessa tai pintojen ollessa kuumat.<\/li>\n<li>Huuhtele painepesurilla tai mieluummin vesiletkulla.<\/li>\n<li>Pinnat voidaan lopuksi kuivata hyv\u00e4laatuisella s\u00e4\u00e4misk\u00e4ll\u00e4 tai mikrokuitukuivausliinalla, joka viel\u00e4 tehostaa pestyjen pintojen kiiltoa.<\/li>\n<\/ol>\n<p>&nbsp;<\/p>\n<p>Tuotenumero: 2131<\/p>\n<p>Ammattik\u00e4ytt\u00f6\u00f6n.<\/p>\n","protected":false},"excerpt":{"rendered":"<p><strong>TEHO Autopesu All-in-One <\/strong>on eritt\u00e4in tehokas autoshampoo ja painepesuaine, joka lis\u00e4\u00e4 pintojen kiiltoa. Tuote on eritt\u00e4in tehokas akryylipohjainen autoshampoo, joka j\u00e4tt\u00e4\u00e4 suojaavan molekyylikerroksen ja lis\u00e4\u00e4 pinnan kiiltoa. Tuote on suunniteltu ammattik\u00e4ytt\u00f6\u00f6n Suomen olosuhteisiin. Voidaan k\u00e4ytt\u00e4\u00e4 ajoneuvojen esipesussa\/painepesussa, sek\u00e4 k\u00e4sinpesussa sienell\u00e4 tai pesukintaalla.<\/p>\n<p><strong>Tuote on pakattu 5 litran muoviastiaan. Myyntier\u00e4 on yksi (1) laatikko, joka sis\u00e4lt\u00e4\u00e4 4 astiaa. <\/strong><\/p>\n","protected":false},"featured_media":1115,"comment_status":"closed","ping_status":"closed","template":"","meta":{"_acf_changed":false},"product_brand":[136],"product_cat":[38,90],"product_tag":[],"class_list":{"0":"post-1066","1":"product","2":"type-product","3":"status-publish","4":"has-post-thumbnail","6":"product_brand-teho","7":"product_cat-huoltokemikaalit-ja-puhdistusaineet","8":"product_cat-pesuaineet","10":"first","11":"instock","12":"taxable","13":"shipping-taxable","14":"purchasable","15":"product-type-simple"},"acf":[],"_links":{"self":[{"href":"https:\/\/voitelukeskus.fi\/fi\/wp-json\/wp\/v2\/product\/1066","targetHints":{"allow":["GET"]}}],"collection":[{"href":"https:\/\/voitelukeskus.fi\/fi\/wp-json\/wp\/v2\/product"}],"about":[{"href":"https:\/\/voitelukeskus.fi\/fi\/wp-json\/wp\/v2\/types\/product"}],"replies":[{"embeddable":true,"href":"https:\/\/voitelukeskus.fi\/fi\/wp-json\/wp\/v2\/comments?post=1066"}],"wp:featuredmedia":[{"embeddable":true,"href":"https:\/\/voitelukeskus.fi\/fi\/wp-json\/wp\/v2\/media\/1115"}],"wp:attachment":[{"href":"https:\/\/voitelukeskus.fi\/fi\/wp-json\/wp\/v2\/media?parent=1066"}],"wp:term":[{"taxonomy":"product_brand","embeddable":true,"href":"https:\/\/voitelukeskus.fi\/fi\/wp-json\/wp\/v2\/product_brand?post=1066"},{"taxonomy":"product_cat","embeddable":true,"href":"https:\/\/voitelukeskus.fi\/fi\/wp-json\/wp\/v2\/product_cat?post=1066"},{"taxonomy":"product_tag","embeddable":true,"href":"https:\/\/voitelukeskus.fi\/fi\/wp-json\/wp\/v2\/product_tag?post=1066"}],"curies":[{"name":"wp","href":"https:\/\/api.w.org\/{rel}","templated":true}]}}