{"id":1049,"date":"2025-02-20T10:54:29","date_gmt":"2025-02-20T10:54:29","guid":{"rendered":"https:\/\/voitelukeskus.fi\/?post_type=product&#038;p=1049"},"modified":"2025-07-16T08:24:30","modified_gmt":"2025-07-16T08:24:30","slug":"teho-ptfe-painerasva","status":"publish","type":"product","link":"https:\/\/voitelukeskus.fi\/fi\/tuote\/teho-ptfe-painerasva\/","title":{"rendered":"TEHO PTFE Painerasva"},"content":{"rendered":"<p><strong>Eritt\u00e4in liukas ja pitk\u00e4kestoinen PTFE korkeapainerasva:<\/strong><\/p>\n<ul>\n<li>Puomien, liukupintojen ja laakereiden voiteluun<\/li>\n<li>Hyv\u00e4\u00e4 voitelevuus ja s\u00e4\u00e4nkesto<\/li>\n<li>Suojaa osia kiinnileikkautumiselta<strong><br \/>\n<\/strong><strong>\u00a0<\/strong><\/li>\n<\/ul>\n<p><strong>TEHO PTFE Painerasva<\/strong> on eritt\u00e4in tehokas korkeapainevoiteluaine ja -rasva, joka pureutuu tehokkaasti vanhan rasvan ja lian l\u00e4pi. Tarttuu eritt\u00e4in lujasti voideltaville pinnoille ja takaa kest\u00e4v\u00e4t voiteluominaisuudet \u00e4\u00e4rimm\u00e4isiss\u00e4 olosuhteissa. Ei tipu.<\/p>\n<p>Voitelee tehokkaasti l\u00e4mp\u00f6tiloissa -20 \u00b0C\u00a0 \u2013 +180 \u00b0C (hetkellisesti +200\u00b0C, j\u00e4\u00e4tymispiste -25\u00b0C). Sis\u00e4lt\u00e4\u00e4 ainutlaatuisen yhdistelm\u00e4n luonnollisia ja synteettisi\u00e4 voiteluaineita. PTFE parantaa voitelukyky\u00e4 ja v\u00e4hent\u00e4\u00e4 merkitt\u00e4v\u00e4sti kitkaa.<\/p>\n<p>Tuote on vett\u00e4hylkiv\u00e4, suojaa korroosiolta ja soveltuu meriolosuhteisiin. Tehokas kiinnileikkautumisen esto ruostumattomalle ter\u00e4kselle, alumiinille ja muille metallipinnoille. V\u00e4rilt\u00e4\u00e4n vaalea.<\/p>\n<p>Voitelee tehokkaasti puomit ja liukupinnat, nivelet, laakerit, ketjut, johteet \/liukukiskot, hammaspy\u00f6r\u00e4t, venttiilit, jne.<\/p>\n<p>Soveltuu k\u00e4ytett\u00e4v\u00e4ksi ajoneuvoissa, koneissa, laivoissa, teollisuudessa ja maataloudessa.<\/p>\n<p><strong><br \/>\nHUOM. AMMATTIK\u00c4YTT\u00d6\u00d6N!<\/strong><\/p>\n<p><strong>K\u00c4YTT\u00d6OHJE: <\/strong><\/p>\n<ol>\n<li>Ravista pulloa hyvin (yli 7 sekuntia) ennen k\u00e4ytt\u00f6\u00e4.<\/li>\n<li>Varmista, ett\u00e4 voideltavan kohteen mahdolliset liikkuvat osat on kytketty pois k\u00e4yt\u00f6st\u00e4.<\/li>\n<li>Suihkuta voitelurasvaa kauttaaltaan voideltavaan kohteeseen.<\/li>\n<li>Anna voitelurasvan tunkeutua ja tarttua voideltavaan kohteeseen sek\u00e4 odota tunkeutuvien aineosien haihtumista ennen kohteen\/koneen\/laitteen k\u00e4ytt\u00f6\u00e4.<\/li>\n<li>Liuottimen haihduttua muodostaa kest\u00e4v\u00e4n voitelupinnan.<\/li>\n<\/ol>\n<p>Tuotenumero: 5084<\/p>\n<p>Ammattik\u00e4ytt\u00f6\u00f6n.<\/p>\n","protected":false},"excerpt":{"rendered":"<p><strong>TEHO PTFE Painerasva<\/strong> on eritt\u00e4in tehokas korkeapainevoiteluaine ja -rasva, joka pureutuu tehokkaasti vanhan rasvan ja lian l\u00e4pi. Tarttuu eritt\u00e4in lujasti voideltaville pinnoille ja takaa kest\u00e4v\u00e4t voiteluominaisuudet \u00e4\u00e4rimm\u00e4isiss\u00e4 olosuhteissa. Ei valu.<\/p>\n<p><strong>Tuote on pakattu aerosolipulloon, jonka nettotilavuus on 600ml. Myyntier\u00e4 on yksi (1) laatikko, joka sis\u00e4lt\u00e4\u00e4 12 pulloa. <\/strong><\/p>\n","protected":false},"featured_media":1100,"comment_status":"closed","ping_status":"closed","template":"","meta":{"_acf_changed":false},"product_brand":[136],"product_cat":[78,38],"product_tag":[],"class_list":{"0":"post-1049","1":"product","2":"type-product","3":"status-publish","4":"has-post-thumbnail","6":"product_brand-teho","7":"product_cat-aerosolit-ja-sprayt","8":"product_cat-huoltokemikaalit-ja-puhdistusaineet","10":"first","11":"instock","12":"taxable","13":"shipping-taxable","14":"purchasable","15":"product-type-simple"},"acf":[],"_links":{"self":[{"href":"https:\/\/voitelukeskus.fi\/fi\/wp-json\/wp\/v2\/product\/1049","targetHints":{"allow":["GET"]}}],"collection":[{"href":"https:\/\/voitelukeskus.fi\/fi\/wp-json\/wp\/v2\/product"}],"about":[{"href":"https:\/\/voitelukeskus.fi\/fi\/wp-json\/wp\/v2\/types\/product"}],"replies":[{"embeddable":true,"href":"https:\/\/voitelukeskus.fi\/fi\/wp-json\/wp\/v2\/comments?post=1049"}],"wp:featuredmedia":[{"embeddable":true,"href":"https:\/\/voitelukeskus.fi\/fi\/wp-json\/wp\/v2\/media\/1100"}],"wp:attachment":[{"href":"https:\/\/voitelukeskus.fi\/fi\/wp-json\/wp\/v2\/media?parent=1049"}],"wp:term":[{"taxonomy":"product_brand","embeddable":true,"href":"https:\/\/voitelukeskus.fi\/fi\/wp-json\/wp\/v2\/product_brand?post=1049"},{"taxonomy":"product_cat","embeddable":true,"href":"https:\/\/voitelukeskus.fi\/fi\/wp-json\/wp\/v2\/product_cat?post=1049"},{"taxonomy":"product_tag","embeddable":true,"href":"https:\/\/voitelukeskus.fi\/fi\/wp-json\/wp\/v2\/product_tag?post=1049"}],"curies":[{"name":"wp","href":"https:\/\/api.w.org\/{rel}","templated":true}]}}