{"id":1045,"date":"2025-02-20T10:54:28","date_gmt":"2025-02-20T10:54:28","guid":{"rendered":"https:\/\/voitelukeskus.fi\/?post_type=product&#038;p=1045"},"modified":"2025-07-16T08:27:59","modified_gmt":"2025-07-16T08:27:59","slug":"teho-multi-450-ptfe-voiteluaine","status":"publish","type":"product","link":"https:\/\/voitelukeskus.fi\/fi\/tuote\/teho-multi-450-ptfe-voiteluaine\/","title":{"rendered":"TEHO Multi 450 -PTFE-voiteluaine"},"content":{"rendered":"<p><strong>Monik\u00e4ytt\u00f6inen PTFE:t\u00e4 sis\u00e4lt\u00e4v\u00e4 voiteluaine, joka pureutuu tehokkaasti rasvan ja lian l\u00e4vitse, voitelee ja suojaa -48\u00b0C &#8211; +246 \u00b0C Ylivoimainen kiinnijuuttuneiden osien avaaja.<\/strong><\/p>\n<p>TEHO Multi 450 on monik\u00e4ytt\u00f6inen, eritt\u00e4in tehokas voiteluaine, joka sis\u00e4lt\u00e4\u00e4 PTFE:t\u00e4, pureutuu tehokkaasti vanhan rasvan ja lian l\u00e4vitse, voitelee ja suojaa\u00a0 -48\u00b0C &#8211; +246\u00b0C l\u00e4mp\u00f6tiloissa.<\/p>\n<p>Irrottaa tehokkaasti k\u00e4yt\u00f6n, ruosteen, lian tai rasvan johdosta juuttuneet osat; ylivoimainen kiinnijuuttuneiden osien avaaja.<\/p>\n<p>V\u00e4hent\u00e4\u00e4 kitkaa ja voitelee kaikki liikkuvat osat, sek\u00e4 poistaa rasvan ja lian. Suojaa korroosiolta. Erinomainen yleisvoiteluaine. Tunkeutuvien aineosien haihduttua ei ker\u00e4\u00e4 likaa (erinomainen lukkojen voiteluun). V\u00e4rit\u00f6n ja eritt\u00e4in mietotuoksuinen, ei tahraa voideltavia kohteita. Voidaan k\u00e4ytt\u00e4\u00e4 my\u00f6s metalliosien v\u00e4ritt\u00f6m\u00e4n\u00e4 suoja\u00f6ljyn\u00e4.<\/p>\n<p>Suositellaan k\u00e4ytett\u00e4v\u00e4ksi korjaamoissa, teollisuudessa, kiinteist\u00f6huollossa ja kaikkialla, miss\u00e4 tarvitaan tehokasta kiinnijuuttuneiden osien avaajaa, voiteluainetta ja suoja\u00f6ljy\u00e4, joka ei ker\u00e4\u00e4 likaa. S\u00e4\u00e4nn\u00f6llisesti k\u00e4ytettyn\u00e4 erinomainen ja tahraamaton polkupy\u00f6r\u00e4n ketjujen ja -osien voiteluaine.<\/p>\n<p><strong>HUOM. AMMATTIK\u00c4YTT\u00d6\u00d6N!<\/strong><\/p>\n<p><strong>K\u00c4YTT\u00d6OHJE:<\/strong><\/p>\n<ol>\n<li>Ravista pulloa hyvin (yli 7 sekuntia).<\/li>\n<li>Suihkuta irrotettaviin, voideltaviin, puhdistettaviin tai suojattaviin kohteisiin.<\/li>\n<li>Anna tuotteen vaikuttaa voitelukohteissa tai kiinnijuuttuneissa osissa.<\/li>\n<li>Lis\u00e4\u00e4 tuotetta tarvittaessa.<\/li>\n<li>Pyyhi tarvittaessa ylim\u00e4\u00e4r\u00e4inen aine pois (esim. lukkojen kielet ja muut osat).<\/li>\n<\/ol>\n<p>Tuotenumero: 5105<\/p>\n<p>Ammattik\u00e4ytt\u00f6\u00f6n.<\/p>\n","protected":false},"excerpt":{"rendered":"<p><strong>TEHO Multi 450<\/strong> on monik\u00e4ytt\u00f6inen, eritt\u00e4in tehokas voiteluaine, joka sis\u00e4lt\u00e4\u00e4 PTFE:t\u00e4, pureutuu tehokkaasti vanhan rasvan ja lian l\u00e4vitse, voitelee ja suojaa\u00a0 -48\u00b0C &#8211; +246\u00b0C l\u00e4mp\u00f6tiloissa.<\/p>\n<p><strong>Tuote on pakattu aerosolipulloon, jonka nettotilavuus on 600ml. Myyntier\u00e4 on yksi (1) laatikko, joka sis\u00e4lt\u00e4\u00e4 12 pulloa. <\/strong><\/p>\n","protected":false},"featured_media":1096,"comment_status":"closed","ping_status":"closed","template":"","meta":{"_acf_changed":false},"product_brand":[136],"product_cat":[78,38],"product_tag":[],"class_list":{"0":"post-1045","1":"product","2":"type-product","3":"status-publish","4":"has-post-thumbnail","6":"product_brand-teho","7":"product_cat-aerosolit-ja-sprayt","8":"product_cat-huoltokemikaalit-ja-puhdistusaineet","10":"first","11":"instock","12":"featured","13":"taxable","14":"shipping-taxable","15":"purchasable","16":"product-type-simple"},"acf":[],"_links":{"self":[{"href":"https:\/\/voitelukeskus.fi\/fi\/wp-json\/wp\/v2\/product\/1045","targetHints":{"allow":["GET"]}}],"collection":[{"href":"https:\/\/voitelukeskus.fi\/fi\/wp-json\/wp\/v2\/product"}],"about":[{"href":"https:\/\/voitelukeskus.fi\/fi\/wp-json\/wp\/v2\/types\/product"}],"replies":[{"embeddable":true,"href":"https:\/\/voitelukeskus.fi\/fi\/wp-json\/wp\/v2\/comments?post=1045"}],"wp:featuredmedia":[{"embeddable":true,"href":"https:\/\/voitelukeskus.fi\/fi\/wp-json\/wp\/v2\/media\/1096"}],"wp:attachment":[{"href":"https:\/\/voitelukeskus.fi\/fi\/wp-json\/wp\/v2\/media?parent=1045"}],"wp:term":[{"taxonomy":"product_brand","embeddable":true,"href":"https:\/\/voitelukeskus.fi\/fi\/wp-json\/wp\/v2\/product_brand?post=1045"},{"taxonomy":"product_cat","embeddable":true,"href":"https:\/\/voitelukeskus.fi\/fi\/wp-json\/wp\/v2\/product_cat?post=1045"},{"taxonomy":"product_tag","embeddable":true,"href":"https:\/\/voitelukeskus.fi\/fi\/wp-json\/wp\/v2\/product_tag?post=1045"}],"curies":[{"name":"wp","href":"https:\/\/api.w.org\/{rel}","templated":true}]}}