{"id":1034,"date":"2025-02-20T10:54:03","date_gmt":"2025-02-20T10:54:03","guid":{"rendered":"https:\/\/voitelukeskus.fi\/?post_type=product&#038;p=1034"},"modified":"2026-02-04T08:28:27","modified_gmt":"2026-02-04T06:28:27","slug":"teho-maalinpoistaja-liuotinaerosoli","status":"publish","type":"product","link":"https:\/\/voitelukeskus.fi\/fi\/tuote\/teho-maalinpoistaja-liuotinaerosoli\/","title":{"rendered":"TEHO Maalinpoistaja -liuotinaerosoli"},"content":{"rendered":"<p><strong>Eritt\u00e4in tehokas maalin, lakan, tarrojen ja tiivisteiden poisto aerosoli. TEHO Maalinpoistaja sis\u00e4lt\u00e4\u00e4 voimakkaan seoksen kloorattuja liuottimia, em\u00e4ksisen amiini-alkoholi aktivointi j\u00e4rjestelm\u00e4n, haihtumisen hidastajia sek\u00e4 emulsioita.<\/strong><\/p>\n<p>&nbsp;<\/p>\n<p>Tarttuu eritt\u00e4in hyvin erilaisille ja pystysuorille pinnoille.<\/p>\n<ul>\n<li>TEHO Maalinpoistaja poistaa tehokkaasti useimmat emali, alkyyli, akryli, epoksi, vinyyli, polyuretaani ja \u00f6ljypohjaiset maalit sek\u00e4 lakat<\/li>\n<li>Pehmitt\u00e4\u00e4 nopeasti vinyylitarrat. Tarrat voidaan poistaa helposti kevyesti raaputtamalla.<\/li>\n<li>Irrottaa nopeasti juuttuneet tiivisteet. Liuottaa ja poistaa useimmat tiivisteliimat.<\/li>\n<li>Voidaan k\u00e4ytt\u00e4\u00e4 turvallisesti useimmille metalleille, kuten raudalle, ruostumattomalle ter\u00e4kselle, kuparille, alumiinille ja messingille. TEHO Maalinpoistaja sopii my\u00f6s puupintojen maalinpoistoon.<\/li>\n<li>Huuhtoutuu helposti vedell\u00e4 tai liuottimella<\/li>\n<li>K\u00e4tev\u00e4 aerosolipakkaus poistaa sekoitustarpeen, aina oikea annostus<\/li>\n<\/ul>\n<p><strong><br \/>\n<\/strong><strong>HUOM. AMMATTIK\u00c4YTT\u00d6\u00d6N!<\/strong><\/p>\n<p><strong>K\u00c4YTT\u00d6OHJE:<\/strong><\/p>\n<ul>\n<li>Suihkuta k\u00e4sitelt\u00e4v\u00e4\u00e4n kohteeseen<\/li>\n<li>Pinttyneen aineen ollessa kyseess\u00e4 anna vaikuttaa 15-30 min<\/li>\n<li>Pyyhi tai kaavi irronnut aine<\/li>\n<li>Huuhtele pinta vedell\u00e4 tai liuotinaineella<\/li>\n<\/ul>\n<p>Tuotenumero: 5104<\/p>\n<p>Vain ammattik\u00e4ytt\u00f6\u00f6n.<\/p>\n","protected":false},"excerpt":{"rendered":"<p>Eritt\u00e4in tehokas maalin, lakan, tarrojen ja tiivisteiden poistoaerosoli. <strong>TEHO Maalinpoistaja<\/strong> sis\u00e4lt\u00e4\u00e4 voimakkaan seoksen kloorattuja liuottimia, em\u00e4ksisen amiini-alkoholi aktivointi j\u00e4rjestelm\u00e4n, haihtumisen hidastajia sek\u00e4 emulsioita.<\/p>\n<p><strong>Tuote on pakattu aerosolipulloon, jonka nettotilavuus on 500ml. Myyntier\u00e4 on yksi (1) laatikko, joka sis\u00e4lt\u00e4\u00e4 12 pulloa.<\/strong><\/p>\n","protected":false},"featured_media":1086,"comment_status":"closed","ping_status":"closed","template":"","meta":{"_acf_changed":false},"product_brand":[136],"product_cat":[78,38],"product_tag":[],"class_list":{"0":"post-1034","1":"product","2":"type-product","3":"status-publish","4":"has-post-thumbnail","6":"product_brand-teho","7":"product_cat-aerosolit-ja-sprayt","8":"product_cat-huoltokemikaalit-ja-puhdistusaineet","10":"first","11":"instock","12":"taxable","13":"shipping-taxable","14":"purchasable","15":"product-type-simple"},"acf":[],"_links":{"self":[{"href":"https:\/\/voitelukeskus.fi\/fi\/wp-json\/wp\/v2\/product\/1034","targetHints":{"allow":["GET"]}}],"collection":[{"href":"https:\/\/voitelukeskus.fi\/fi\/wp-json\/wp\/v2\/product"}],"about":[{"href":"https:\/\/voitelukeskus.fi\/fi\/wp-json\/wp\/v2\/types\/product"}],"replies":[{"embeddable":true,"href":"https:\/\/voitelukeskus.fi\/fi\/wp-json\/wp\/v2\/comments?post=1034"}],"wp:featuredmedia":[{"embeddable":true,"href":"https:\/\/voitelukeskus.fi\/fi\/wp-json\/wp\/v2\/media\/1086"}],"wp:attachment":[{"href":"https:\/\/voitelukeskus.fi\/fi\/wp-json\/wp\/v2\/media?parent=1034"}],"wp:term":[{"taxonomy":"product_brand","embeddable":true,"href":"https:\/\/voitelukeskus.fi\/fi\/wp-json\/wp\/v2\/product_brand?post=1034"},{"taxonomy":"product_cat","embeddable":true,"href":"https:\/\/voitelukeskus.fi\/fi\/wp-json\/wp\/v2\/product_cat?post=1034"},{"taxonomy":"product_tag","embeddable":true,"href":"https:\/\/voitelukeskus.fi\/fi\/wp-json\/wp\/v2\/product_tag?post=1034"}],"curies":[{"name":"wp","href":"https:\/\/api.w.org\/{rel}","templated":true}]}}