{"id":1028,"date":"2025-02-20T10:54:00","date_gmt":"2025-02-20T10:54:00","guid":{"rendered":"https:\/\/voitelukeskus.fi\/?post_type=product&#038;p=1028"},"modified":"2026-01-08T11:12:03","modified_gmt":"2026-01-08T09:12:03","slug":"teho-jaansulatusrae-51c","status":"publish","type":"product","link":"https:\/\/voitelukeskus.fi\/fi\/tuote\/teho-jaansulatusrae-51c\/","title":{"rendered":"TEHO J\u00e4\u00e4nsulatusrae -51\u00b0C"},"content":{"rendered":"<p><strong>TEHO J\u00e4\u00e4nsulatusrae \u2013 51 \u00b0C <\/strong>on eritt\u00e4in tehokas lumen ja j\u00e4\u00e4n sulattaja.<\/p>\n<p>Tuote on olomuodoltaan <strong>rae<\/strong>, joka joutuessaan kosketuksiin lumen ja j\u00e4\u00e4n kanssa muodostaa kemiallisen rektion ja toimii pitk\u00e4\u00e4n. Toimii jopa \u2013 51 \u00b0 C l\u00e4mp\u00f6tilaan asti. Est\u00e4\u00e4 tehokkaasti j\u00e4\u00e4n tuomaa liukkauden vaaraa. Ei sis\u00e4ll\u00e4 suolaa.<strong><br \/>\n<\/strong><\/p>\n<p><strong>K\u00c4YTT\u00d6KOHTEET:<\/strong> Ajoluiskat, jalkak\u00e4yt\u00e4v\u00e4t, lastaussillat, ovien edustat, sadevesikaivojen kannet, r\u00e4nnit, portaat, jne.<\/p>\n<p><strong>HUOM. AMMATTIK\u00c4YTT\u00d6\u00d6N!\u00a0<\/strong><\/p>\n<p><strong>K\u00c4YTT\u00d6OHJE:<\/strong><\/p>\n<ol>\n<li>J\u00e4\u00e4nsulatusrakeita levitet\u00e4\u00e4n tasaisesti k\u00e4sitelt\u00e4v\u00e4lle alueelle.Ainetta annostellaan tarpeen mukaan: pieni m\u00e4\u00e4r\u00e4 karhentaa pintaa ja sulattaa ohuen j\u00e4\u00e4n. Suurempi m\u00e4\u00e4r\u00e4 porautuu j\u00e4\u00e4n l\u00e4pi ja irrottaa j\u00e4\u00e4kerroksen.<\/li>\n<li>Hetken kuluttua osittain sulanut ja irronnut lumi ja j\u00e4\u00e4 on helppo poistaa.<\/li>\n<li>Voidaan k\u00e4ytt\u00e4\u00e4 my\u00f6s ennaltaehk\u00e4isev\u00e4sti est\u00e4m\u00e4\u00e4n \u201cmustaa j\u00e4\u00e4t\u00e4\u201d levitt\u00e4m\u00e4ll\u00e4 pieni m\u00e4\u00e4r\u00e4 ainetta alueelle ennen lumentuloa\/pakastumista.<\/li>\n<li><strong>HUOM!<\/strong> Sulje muovipakkauksen kansi huolellisesti k\u00e4yt\u00f6n j\u00e4lkeen.<\/li>\n<\/ol>\n<p>&nbsp;<\/p>\n<p><strong>OMINAISUUDET:<\/strong><strong>\u00a0<\/strong><\/p>\n<ul>\n<li><strong>K\u00e4ytt\u00f6:<\/strong> Lumen ja j\u00e4\u00e4n sulattaja, tarpeen mukaan 5-125g\/m2<\/li>\n<li><strong>Olomuoto:<\/strong> Rae, v\u00e4rit\u00f6n, hajuton<\/li>\n<li>Sis\u00e4lt\u00e4\u00e4 Kalsiumkloridia<\/li>\n<\/ul>\n<p>Tuotenumero: 8040<\/p>\n<p>Ammattik\u00e4ytt\u00f6\u00f6n.<\/p>\n","protected":false},"excerpt":{"rendered":"<p><strong>TEHO J\u00e4\u00e4nsulatusrae \u2013 51 \u00b0C <\/strong>on eritt\u00e4in tehokas lumen ja j\u00e4\u00e4n sulattaja.<br \/>\nTuote on olomuodoltaan rae, joka joutuessaan kosketuksiin lumen ja j\u00e4\u00e4n kanssa muodostaa kemiallisen rektion ja toimii pitk\u00e4\u00e4n. Toimii jopa \u2013 51 \u00b0Celsius l\u00e4mp\u00f6tilaan asti. Est\u00e4\u00e4 tehokkaasti j\u00e4\u00e4n tuomaa liukkauden vaaraa. Ei sis\u00e4ll\u00e4 suolaa.<\/p>\n<p><strong>Tuote on pakattu muoviastiaan, joka sis\u00e4lt\u00e4\u00e4 j\u00e4\u00e4nsulatusrakeita 15L. Myyntier\u00e4 on yksi (1) muoviastia 15L.<\/strong><\/p>\n","protected":false},"featured_media":4446,"comment_status":"closed","ping_status":"closed","template":"","meta":{"_acf_changed":false},"product_brand":[136],"product_cat":[38,100],"product_tag":[],"class_list":{"0":"post-1028","1":"product","2":"type-product","3":"status-publish","4":"has-post-thumbnail","6":"product_brand-teho","7":"product_cat-huoltokemikaalit-ja-puhdistusaineet","8":"product_cat-jaansulatus-ja-ehkaisy","10":"first","11":"instock","12":"taxable","13":"shipping-taxable","14":"purchasable","15":"product-type-simple"},"acf":[],"_links":{"self":[{"href":"https:\/\/voitelukeskus.fi\/fi\/wp-json\/wp\/v2\/product\/1028","targetHints":{"allow":["GET"]}}],"collection":[{"href":"https:\/\/voitelukeskus.fi\/fi\/wp-json\/wp\/v2\/product"}],"about":[{"href":"https:\/\/voitelukeskus.fi\/fi\/wp-json\/wp\/v2\/types\/product"}],"replies":[{"embeddable":true,"href":"https:\/\/voitelukeskus.fi\/fi\/wp-json\/wp\/v2\/comments?post=1028"}],"wp:featuredmedia":[{"embeddable":true,"href":"https:\/\/voitelukeskus.fi\/fi\/wp-json\/wp\/v2\/media\/4446"}],"wp:attachment":[{"href":"https:\/\/voitelukeskus.fi\/fi\/wp-json\/wp\/v2\/media?parent=1028"}],"wp:term":[{"taxonomy":"product_brand","embeddable":true,"href":"https:\/\/voitelukeskus.fi\/fi\/wp-json\/wp\/v2\/product_brand?post=1028"},{"taxonomy":"product_cat","embeddable":true,"href":"https:\/\/voitelukeskus.fi\/fi\/wp-json\/wp\/v2\/product_cat?post=1028"},{"taxonomy":"product_tag","embeddable":true,"href":"https:\/\/voitelukeskus.fi\/fi\/wp-json\/wp\/v2\/product_tag?post=1028"}],"curies":[{"name":"wp","href":"https:\/\/api.w.org\/{rel}","templated":true}]}}