{"id":1026,"date":"2025-02-20T10:54:00","date_gmt":"2025-02-20T10:54:00","guid":{"rendered":"https:\/\/voitelukeskus.fi\/?post_type=product&#038;p=1026"},"modified":"2025-07-16T08:19:02","modified_gmt":"2025-07-16T08:19:02","slug":"teho-ikkunat-pinnat-puhdistusaerosoli","status":"publish","type":"product","link":"https:\/\/voitelukeskus.fi\/fi\/tuote\/teho-ikkunat-pinnat-puhdistusaerosoli\/","title":{"rendered":"TEHO Ikkunat &#038; Pinnat -puhdistusaerosoli"},"content":{"rendered":"<p><strong>Lasien ja muiden kovien pintojen puhdistusaerosoli<\/strong><\/p>\n<ul>\n<li><strong>Lasipinnat, ikkunat ja peilit<\/strong><\/li>\n<li><strong>Ajoneuvojen ikkunat<\/strong><\/li>\n<li><strong><strong>Ter\u00e4s, alumiini, laminaatti, ym. Kovat pinnat<\/strong><\/strong><\/li>\n<\/ul>\n<p><strong>TEHO Ikkunat &amp; Pinnat <\/strong>on eritt\u00e4in tehokas lasin ja muiden kovien pintojen puhdistusvaahto.<\/p>\n<p>Sis\u00e4lt\u00e4\u00e4 tehokkaan sekoituksen alkoholeja, tensidej\u00e4 ja demineralisoitua vett\u00e4, jotka tehoavat vaikeisiin kohteisiin.<\/p>\n<p>Suositellaan k\u00e4ytett\u00e4v\u00e4ksi ikkunoiden, peilien, hopean, kromipintojen, tuulilasien, plexin, ter\u00e4ksen, alumiinin, laminaatti, ym. kovien pintojen puhdistukseen.<\/p>\n<p>Puhdistaa ja poistaa tehokkaasti rasvaa, j\u00e4tt\u00e4en puhtaan kiilt\u00e4v\u00e4n pinnan.<\/p>\n<p>Ei vaurioita metalleja, eik\u00e4 sis\u00e4ll\u00e4 hankaavia ainesosia. <strong>Voidaan k\u00e4ytt\u00e4\u00e4 ajoneuvojen lasien puhdistukseen.<\/strong><\/p>\n<p>&nbsp;<\/p>\n<p><strong>K\u00c4YTT\u00d6OHJE:<\/strong><\/p>\n<ol>\n<li>Ravista hyvin ennen k\u00e4ytt\u00f6\u00e4.<\/li>\n<li>Suihkuta kauttaaltaan puhdistettavalle pinnalle.<\/li>\n<li>Anna vaikuttaa hetki, pinnan likaisuudesta riippuen.<\/li>\n<li>Pyyhi, kuivaa ja kiillotta puhtaalla kuivalla liinalla.<br \/>\n<strong>\u00a0<\/strong><\/li>\n<\/ol>\n<p>Tuotenumero: 5010<\/p>\n<p>Vain ammattik\u00e4ytt\u00f6\u00f6n.<\/p>\n","protected":false},"excerpt":{"rendered":"<p><strong>TEHO Ikkunat &amp; Pinnat <\/strong>on eritt\u00e4in tehokas lasin ja muiden kovien pintojen puhdistusvaahto. K\u00e4ytt\u00f6kohteita mm.:<\/p>\n<ul>\n<li>Lasipinnat, ikkunat ja peilit<\/li>\n<li>Ajoneuvojen ikkunat<\/li>\n<li>Ter\u00e4s, alumiini, laminaatti, ym. Kovat pinnat<\/li>\n<\/ul>\n<p>&nbsp;<\/p>\n<p><strong>Tuote on pakattu aerosolipulloon, jonka nettotilavuus on 500ml. Myyntier\u00e4 on yksi (1) laatikko, joka sis\u00e4lt\u00e4\u00e4 12 pulloa. <\/strong><\/p>\n","protected":false},"featured_media":1065,"comment_status":"closed","ping_status":"closed","template":"","meta":{"_acf_changed":false},"product_brand":[136],"product_cat":[78,38],"product_tag":[],"class_list":{"0":"post-1026","1":"product","2":"type-product","3":"status-publish","4":"has-post-thumbnail","6":"product_brand-teho","7":"product_cat-aerosolit-ja-sprayt","8":"product_cat-huoltokemikaalit-ja-puhdistusaineet","10":"first","11":"instock","12":"taxable","13":"shipping-taxable","14":"purchasable","15":"product-type-simple"},"acf":[],"_links":{"self":[{"href":"https:\/\/voitelukeskus.fi\/fi\/wp-json\/wp\/v2\/product\/1026","targetHints":{"allow":["GET"]}}],"collection":[{"href":"https:\/\/voitelukeskus.fi\/fi\/wp-json\/wp\/v2\/product"}],"about":[{"href":"https:\/\/voitelukeskus.fi\/fi\/wp-json\/wp\/v2\/types\/product"}],"replies":[{"embeddable":true,"href":"https:\/\/voitelukeskus.fi\/fi\/wp-json\/wp\/v2\/comments?post=1026"}],"wp:featuredmedia":[{"embeddable":true,"href":"https:\/\/voitelukeskus.fi\/fi\/wp-json\/wp\/v2\/media\/1065"}],"wp:attachment":[{"href":"https:\/\/voitelukeskus.fi\/fi\/wp-json\/wp\/v2\/media?parent=1026"}],"wp:term":[{"taxonomy":"product_brand","embeddable":true,"href":"https:\/\/voitelukeskus.fi\/fi\/wp-json\/wp\/v2\/product_brand?post=1026"},{"taxonomy":"product_cat","embeddable":true,"href":"https:\/\/voitelukeskus.fi\/fi\/wp-json\/wp\/v2\/product_cat?post=1026"},{"taxonomy":"product_tag","embeddable":true,"href":"https:\/\/voitelukeskus.fi\/fi\/wp-json\/wp\/v2\/product_tag?post=1026"}],"curies":[{"name":"wp","href":"https:\/\/api.w.org\/{rel}","templated":true}]}}