{"id":1023,"date":"2025-02-20T10:53:59","date_gmt":"2025-02-20T10:53:59","guid":{"rendered":"https:\/\/voitelukeskus.fi\/?post_type=product&#038;p=1023"},"modified":"2025-07-16T08:09:43","modified_gmt":"2025-07-16T08:09:43","slug":"teho-formula-r-t-u-kayttovalmis-puhdistusaine","status":"publish","type":"product","link":"https:\/\/voitelukeskus.fi\/fi\/tuote\/teho-formula-r-t-u-kayttovalmis-puhdistusaine\/","title":{"rendered":"TEHO Formula R.T.U. -k\u00e4ytt\u00f6valmis puhdistusaine"},"content":{"rendered":"<p><strong>TEHO Formula R.T.U. on k\u00e4ytt\u00f6valmis eritt\u00e4in tehokas kaikkien pest\u00e4vien pintojen, monik\u00e4ytt\u00f6inen ja taloudellinen puhdistusaine k\u00e4tev\u00e4ss\u00e4 sumutinpullossa. <\/strong><\/p>\n<p>TEHO Formula R.T.U. ei sis\u00e4ll\u00e4 fosfaatteja, on syttym\u00e4t\u00f6n ja yli 90%:sesti biohajoava. Poistaa tehokkaasti likaa ja rasvaa.<\/p>\n<p>&nbsp;<\/p>\n<p><strong>Ylivoimainen rasvanpoistaja ravintolakeitti\u00f6iss\u00e4 kaikilta kovilta pinnoilta; <\/strong>poistaa rasvaa ja j\u00e4tt\u00e4\u00e4 puhtaan kiilt\u00e4v\u00e4n pinnan.<\/p>\n<p><strong>Tehokas puhdistusaine asennusj\u00e4lkien poistoon <\/strong>esimerkiksi LVI-asennuksissa, kuten ilmastointiventtiilien puhdistuksessa.<\/p>\n<p><strong>Saniteettitilojen tehokas puhditusaine,<\/strong> joka j\u00e4tt\u00e4\u00e4 puhtaan kiilt\u00e4v\u00e4n pinnan.<\/p>\n<p><strong>\u00a0HUOM. AMMATTIK\u00c4YTT\u00d6\u00d6N!<\/strong><\/p>\n<p><strong>K\u00c4YTT\u00d6OHJE:<\/strong><\/p>\n<ol>\n<li>Sumuta puhdistettavalle pinnalle<\/li>\n<li>Pyyhi kostealla sienell\u00e4<\/li>\n<li>Lasipintoja puhdistettaessa pyyhi v\u00e4litt\u00f6m\u00e4sti liinalla v\u00e4ltt\u00e4\u00e4ksesi raitojen muodostumista.<\/li>\n<\/ol>\n<p><strong>Suositellaan k\u00e4ytett\u00e4v\u00e4ksi:<\/strong><\/p>\n<ul>\n<li>Keitti\u00f6iss\u00e4<\/li>\n<li>Kylpyhuoneissa<\/li>\n<li>Kiinteist\u00f6huollossa<\/li>\n<li>Ravintoloissa<\/li>\n<li>Hotelleissa<\/li>\n<li>LVI asennuksissa<\/li>\n<\/ul>\n<p>Tuotenumero: 2452<\/p>\n<p>Ammattik\u00e4ytt\u00f6\u00f6n.<\/p>\n","protected":false},"excerpt":{"rendered":"<p><strong>TEHO Formula R.T.U. <\/strong>on k\u00e4ytt\u00f6valmis eritt\u00e4in tehokas kaikkien pest\u00e4vien pintojen, monik\u00e4ytt\u00f6inen ja taloudellinen puhdistusaine k\u00e4tev\u00e4ss\u00e4 sumutinpullossa.<\/p>\n<p><strong>Tuote on pakattu suihkepulloon, jonka nettotilavuus on 1 l. Myyntier\u00e4 on yksi (1) laatikko, joka sis\u00e4lt\u00e4\u00e4 12 pulloa.<\/strong><\/p>\n","protected":false},"featured_media":1062,"comment_status":"closed","ping_status":"closed","template":"","meta":{"_acf_changed":false},"product_brand":[136],"product_cat":[78,38],"product_tag":[],"class_list":{"0":"post-1023","1":"product","2":"type-product","3":"status-publish","4":"has-post-thumbnail","6":"product_brand-teho","7":"product_cat-aerosolit-ja-sprayt","8":"product_cat-huoltokemikaalit-ja-puhdistusaineet","10":"first","11":"instock","12":"taxable","13":"shipping-taxable","14":"purchasable","15":"product-type-simple"},"acf":[],"_links":{"self":[{"href":"https:\/\/voitelukeskus.fi\/fi\/wp-json\/wp\/v2\/product\/1023","targetHints":{"allow":["GET"]}}],"collection":[{"href":"https:\/\/voitelukeskus.fi\/fi\/wp-json\/wp\/v2\/product"}],"about":[{"href":"https:\/\/voitelukeskus.fi\/fi\/wp-json\/wp\/v2\/types\/product"}],"replies":[{"embeddable":true,"href":"https:\/\/voitelukeskus.fi\/fi\/wp-json\/wp\/v2\/comments?post=1023"}],"wp:featuredmedia":[{"embeddable":true,"href":"https:\/\/voitelukeskus.fi\/fi\/wp-json\/wp\/v2\/media\/1062"}],"wp:attachment":[{"href":"https:\/\/voitelukeskus.fi\/fi\/wp-json\/wp\/v2\/media?parent=1023"}],"wp:term":[{"taxonomy":"product_brand","embeddable":true,"href":"https:\/\/voitelukeskus.fi\/fi\/wp-json\/wp\/v2\/product_brand?post=1023"},{"taxonomy":"product_cat","embeddable":true,"href":"https:\/\/voitelukeskus.fi\/fi\/wp-json\/wp\/v2\/product_cat?post=1023"},{"taxonomy":"product_tag","embeddable":true,"href":"https:\/\/voitelukeskus.fi\/fi\/wp-json\/wp\/v2\/product_tag?post=1023"}],"curies":[{"name":"wp","href":"https:\/\/api.w.org\/{rel}","templated":true}]}}