{"id":1019,"date":"2025-02-20T10:53:57","date_gmt":"2025-02-20T10:53:57","guid":{"rendered":"https:\/\/voitelukeskus.fi\/?post_type=product&#038;p=1019"},"modified":"2026-02-04T08:23:28","modified_gmt":"2026-02-04T06:23:28","slug":"teho-foaming-coil-cleaner-kaksitehoinen-puhdistusaerosoli","status":"publish","type":"product","link":"https:\/\/voitelukeskus.fi\/fi\/tuote\/teho-foaming-coil-cleaner-kaksitehoinen-puhdistusaerosoli\/","title":{"rendered":"TEHO Foaming Coil Cleaner+ -kaksitehoinen puhdistusaerosoli"},"content":{"rendered":"<p>Uudistunut <strong>TEHO Foaming Coil Cleaner + on kaksitehoinen puhdistusaerosoli, joka samalla kertaa puhdistaa, tappaa bakteereja ja desinfioi<\/strong> (European Standard EN 1276; bakteerit 5 minuutissa ja EN 1275; sienet 15 minuutissa).<\/p>\n<p><strong>Uudistunut kaksitehoinen puhdistusaerosoli, purkissa nyt +25% enemm\u00e4n.<\/strong><\/p>\n<p><strong>Puhdistaa ja desinfioi tehokkaasti:<\/strong><\/p>\n<ul>\n<li>Ilmal\u00e4mp\u00f6pumput<\/li>\n<li>Ilmanvaihtokoneet<\/li>\n<li>Ilmastointi- ja j\u00e4\u00e4hdytyslaitteet<\/li>\n<li>Kennot, suodattimet ja lauhduttimet<\/li>\n<\/ul>\n<p>Tuote on helppok\u00e4ytt\u00f6inen\u00a0 ja nopea aerosoli ilmal\u00e4mp\u00f6pumppujen, ilmanvaihtokoneiden, ilmastointi- ja j\u00e4\u00e4hdytyslaitteiden, sek\u00e4 kennojen ja lauhduttimien puhdistukseen ja desinfiointiin. Se helpottaa laitteiden kunnossapitoa ja sit\u00e4 kautta s\u00e4\u00e4st\u00e4\u00e4 aikaa, energiaa ja rahaa. Eritt\u00e4in hyvin tarttuva vaahto takaa pitk\u00e4n kontaktiajan. <strong>Vaahto irrottaa lian, desinfioi ja huuhtoutuu pois kondenssiveden mukana, ei vaadi erillist\u00e4 huuhtelua. <\/strong>Ei vaurioita metalleja tai muoveja. <strong>Suositellaan erityisesti ilmal\u00e4mp\u00f6pumppujen sis\u00e4yksik\u00f6iden ja ilmanvaihtokoneiden lauhduttimien ja kennojen puhdistukseen, jotka vaativat s\u00e4\u00e4nn\u00f6llist\u00e4 puhdistusta ja desinfiointia.<\/strong><\/p>\n<p>&nbsp;<\/p>\n<p><strong>K\u00c4YTT\u00d6OHJE:<\/strong><\/p>\n<ol>\n<li>Katkaise virta\/sulje ilmankierto.<\/li>\n<li>Ravista purkkia huolella.<\/li>\n<li>Poista karkea lika harjalla ja\/tai p\u00f6lynimurilla.<\/li>\n<li>Suihkuta vaahtoa kauttaaltaan puhdistettavaan kohteeseen (k\u00e4yt\u00e4 laatikossa mukana tulevaa pilli\u00e4, joka helpottaa tuotteen suihkuttamista).<\/li>\n<li>Anna vaikuttaa n. 2-5 minuuttia (Desinfioi 5-15 min).<\/li>\n<li>Kytke virta\/ilmankierto, mik\u00e4li sellaista ei ole huuhtele v\u00e4h\u00e4ll\u00e4 vedell\u00e4.<\/li>\n<\/ol>\n<p>&nbsp;<\/p>\n<p>Tuotenumero: 5013<\/p>\n<p>&nbsp;<\/p>\n<p>Tuote on pakattu aerosolipulloon, jonka nettotilavuus on 500ml. Myyntier\u00e4 on yksi (1) laatikko, joka sis\u00e4lt\u00e4\u00e4 12 pulloa. <strong>Ammattik\u00e4ytt\u00f6\u00f6n.<\/strong> <strong>Saatavuus hyvinvarustetut LVI- ja Kylm\u00e4liikkeet.<\/strong> <strong>LVI-Numero: 3280280<\/strong><\/p>\n","protected":false},"excerpt":{"rendered":"<p><strong>TEHO Foaming Coil Cleaner + on kaksitehoinen puhdistusaerosoli, joka samalla kertaa puhdistaa, tappaa bakteereja ja desinfioi<\/strong> (European Standard EN 1276; bakteerit 5 minuutissa ja EN 1275; sienet 15 minuutissa).<\/p>\n<p><strong>Tuote on pakattu aerosolipulloon, jonka nettotilavuus on 500ml. Myyntier\u00e4 on yksi (1) laatikko, joka sis\u00e4lt\u00e4\u00e4 12 pulloa.<\/strong><\/p>\n","protected":false},"featured_media":1058,"comment_status":"closed","ping_status":"closed","template":"","meta":{"_acf_changed":false},"product_brand":[136],"product_cat":[78,38],"product_tag":[],"class_list":{"0":"post-1019","1":"product","2":"type-product","3":"status-publish","4":"has-post-thumbnail","6":"product_brand-teho","7":"product_cat-aerosolit-ja-sprayt","8":"product_cat-huoltokemikaalit-ja-puhdistusaineet","10":"first","11":"instock","12":"taxable","13":"shipping-taxable","14":"purchasable","15":"product-type-simple"},"acf":[],"_links":{"self":[{"href":"https:\/\/voitelukeskus.fi\/fi\/wp-json\/wp\/v2\/product\/1019","targetHints":{"allow":["GET"]}}],"collection":[{"href":"https:\/\/voitelukeskus.fi\/fi\/wp-json\/wp\/v2\/product"}],"about":[{"href":"https:\/\/voitelukeskus.fi\/fi\/wp-json\/wp\/v2\/types\/product"}],"replies":[{"embeddable":true,"href":"https:\/\/voitelukeskus.fi\/fi\/wp-json\/wp\/v2\/comments?post=1019"}],"wp:featuredmedia":[{"embeddable":true,"href":"https:\/\/voitelukeskus.fi\/fi\/wp-json\/wp\/v2\/media\/1058"}],"wp:attachment":[{"href":"https:\/\/voitelukeskus.fi\/fi\/wp-json\/wp\/v2\/media?parent=1019"}],"wp:term":[{"taxonomy":"product_brand","embeddable":true,"href":"https:\/\/voitelukeskus.fi\/fi\/wp-json\/wp\/v2\/product_brand?post=1019"},{"taxonomy":"product_cat","embeddable":true,"href":"https:\/\/voitelukeskus.fi\/fi\/wp-json\/wp\/v2\/product_cat?post=1019"},{"taxonomy":"product_tag","embeddable":true,"href":"https:\/\/voitelukeskus.fi\/fi\/wp-json\/wp\/v2\/product_tag?post=1019"}],"curies":[{"name":"wp","href":"https:\/\/api.w.org\/{rel}","templated":true}]}}