{"id":1017,"date":"2025-02-20T10:53:57","date_gmt":"2025-02-20T10:53:57","guid":{"rendered":"https:\/\/voitelukeskus.fi\/?post_type=product&#038;p=1017"},"modified":"2025-07-16T08:04:01","modified_gmt":"2025-07-16T08:04:01","slug":"teho-fast-cleaner-rasvanpoistaja-teolliseen-kayttoon","status":"publish","type":"product","link":"https:\/\/voitelukeskus.fi\/fi\/tuote\/teho-fast-cleaner-rasvanpoistaja-teolliseen-kayttoon\/","title":{"rendered":"TEHO Fast Cleaner -rasvanpoistaja teolliseen k\u00e4ytt\u00f6\u00f6n"},"content":{"rendered":"<p><strong>Nopeasti haihtuva teollinen rasvanpoistaja. Puhdistaa j\u00e4lki\u00e4 j\u00e4tt\u00e4m\u00e4tt\u00e4:<\/strong><\/p>\n<ul>\n<li><strong>Moottoriosat<\/strong><\/li>\n<li><strong>S\u00e4hk\u00f6laitteet ja \u2013moottorit, EI JOHDA S\u00c4HK\u00d6\u00c4<\/strong><\/li>\n<li><strong>Teollisuuden koneet ja laitteet<\/strong><\/li>\n<li><strong>Tarrojen ja etikettien poistoon<\/strong><\/li>\n<li><strong><strong>EI J\u00c4T\u00c4 AINEJ\u00c4\u00c4MI\u00c4!<\/strong><\/strong><\/li>\n<\/ul>\n<p><strong>TEHO Fast Cleaner on monik\u00e4ytt\u00f6inen, tehokas ja nopeasti haihtuva teollinen rasvanpoistoaerosoli. <\/strong>Puhdistaa pinnat \u00f6ljyst\u00e4, rasvasta, tahmeasta karstasta, p\u00f6lyst\u00e4, jne. Tuotetta voidaan k\u00e4ytt\u00e4\u00e4 tarkkuus komponenttien, s\u00e4hk\u00f6moottorien, painopr\u00e4ssien, rullien, tekstiiliteollisuuden laitteiden, kellojen, mekaanisten laitteiden, moottorien, jne. puhdistukseen. Ei j\u00e4t\u00e4 aine j\u00e4\u00e4mi\u00e4. Erinomainen tarrojen\/etikettien poistaja. Voidaan k\u00e4ytt\u00e4\u00e4 elintarviketeollisuudessa (t\u00e4ytt\u00e4\u00e4 US FDA, CFR 21). Tuote on s\u00e4hk\u00f6\u00e4 johtamaton eik\u00e4 aiheuta oikosulkua moottoreissa, s\u00e4hk\u00f6laitteissa, generaattoreissa. Turvallinen k\u00e4ytt\u00e4\u00e4 useimmilla muoveilla, maali- ja lakkapinnoilla, testaa kuitenkin aina pienell\u00e4 alalla ennen k\u00e4ytt\u00f6\u00e4.<\/p>\n<p>&nbsp;<\/p>\n<p><strong>K\u00c4YTT\u00d6OHJE:<\/strong><\/p>\n<ol>\n<li>Ravista purkkia hyvin.<\/li>\n<li>Suihkuta runsaasti puhdistettavalle pinnalle n. 20 cm et\u00e4isyydelt\u00e4.<\/li>\n<li><strong>T\u00c4RKE\u00c4\u00c4!<\/strong> S\u00e4hk\u00f6laitteita puhdistettaessa virran pit\u00e4\u00e4 olla aina pois kytkettyn\u00e4 ja aineen kokonaan haihtunut ennen laitteiden k\u00e4ytt\u00f6\u00f6nottoa.<\/li>\n<\/ol>\n<p>Tuotenumero: 5046<\/p>\n<p>Vain Ammattik\u00e4ytt\u00f6\u00f6n.<\/p>\n","protected":false},"excerpt":{"rendered":"<p><strong>TEHO Fast Cleaner <\/strong>on monik\u00e4ytt\u00f6inen, tehokas ja nopeasti haihtuva teollinen rasvanpoistoaerosoli.<\/p>\n<p><strong>Tuote on pakattu aerosolipulloon, jonka nettotilavuus on 400ml. Myyntier\u00e4 on yksi (1) laatikko, joka sis\u00e4lt\u00e4\u00e4 12 pulloa. <\/strong><\/p>\n","protected":false},"featured_media":1056,"comment_status":"closed","ping_status":"closed","template":"","meta":{"_acf_changed":false},"product_brand":[136],"product_cat":[78,38],"product_tag":[],"class_list":{"0":"post-1017","1":"product","2":"type-product","3":"status-publish","4":"has-post-thumbnail","6":"product_brand-teho","7":"product_cat-aerosolit-ja-sprayt","8":"product_cat-huoltokemikaalit-ja-puhdistusaineet","10":"first","11":"instock","12":"taxable","13":"shipping-taxable","14":"purchasable","15":"product-type-simple"},"acf":[],"_links":{"self":[{"href":"https:\/\/voitelukeskus.fi\/fi\/wp-json\/wp\/v2\/product\/1017","targetHints":{"allow":["GET"]}}],"collection":[{"href":"https:\/\/voitelukeskus.fi\/fi\/wp-json\/wp\/v2\/product"}],"about":[{"href":"https:\/\/voitelukeskus.fi\/fi\/wp-json\/wp\/v2\/types\/product"}],"replies":[{"embeddable":true,"href":"https:\/\/voitelukeskus.fi\/fi\/wp-json\/wp\/v2\/comments?post=1017"}],"wp:featuredmedia":[{"embeddable":true,"href":"https:\/\/voitelukeskus.fi\/fi\/wp-json\/wp\/v2\/media\/1056"}],"wp:attachment":[{"href":"https:\/\/voitelukeskus.fi\/fi\/wp-json\/wp\/v2\/media?parent=1017"}],"wp:term":[{"taxonomy":"product_brand","embeddable":true,"href":"https:\/\/voitelukeskus.fi\/fi\/wp-json\/wp\/v2\/product_brand?post=1017"},{"taxonomy":"product_cat","embeddable":true,"href":"https:\/\/voitelukeskus.fi\/fi\/wp-json\/wp\/v2\/product_cat?post=1017"},{"taxonomy":"product_tag","embeddable":true,"href":"https:\/\/voitelukeskus.fi\/fi\/wp-json\/wp\/v2\/product_tag?post=1017"}],"curies":[{"name":"wp","href":"https:\/\/api.w.org\/{rel}","templated":true}]}}