{"id":11,"date":"2025-02-18T10:12:08","date_gmt":"2025-02-18T10:12:08","guid":{"rendered":"https:\/\/voitelukeskus.fi\/?page_id=11"},"modified":"2025-05-20T07:56:49","modified_gmt":"2025-05-20T07:56:49","slug":"toimitusehdot","status":"publish","type":"page","link":"https:\/\/voitelukeskus.fi\/fi\/toimitusehdot\/","title":{"rendered":"Toimitusehdot"},"content":{"rendered":"<style>.elementor-11 .elementor-element.elementor-element-49c1cf6c{--display:flex;}.elementor-11 .elementor-element.elementor-element-30a3bf4a > .elementor-widget-container{margin:0px 200px 0px 200px;}@media(max-width:767px){.elementor-11 .elementor-element.elementor-element-30a3bf4a > .elementor-widget-container{margin:0px 10px 0px 10px;}}<\/style>\t\t<div data-elementor-type=\"wp-page\" data-elementor-id=\"11\" class=\"elementor elementor-11\" data-elementor-post-type=\"page\">\n\t\t\t\t<div class=\"elementor-element elementor-element-49c1cf6c e-flex e-con-boxed e-con e-parent\" data-id=\"49c1cf6c\" data-element_type=\"container\" data-e-type=\"container\">\n\t\t\t\t\t<div class=\"e-con-inner\">\n\t\t\t\t<div class=\"elementor-element elementor-element-30a3bf4a elementor-widget elementor-widget-text-editor\" data-id=\"30a3bf4a\" data-element_type=\"widget\" data-e-type=\"widget\" data-widget_type=\"text-editor.default\">\n\t\t\t\t<div class=\"elementor-widget-container\">\n\t\t\t\t\t\t\t\t\t<p>\u00a0<\/p>\n<p>\u00a0<\/p>\n\n<h3 class=\"wp-block-heading\">Voitelukeskus.com:n toimitusehdot<\/h3>\n\n<p>\u00a0<\/p>\n\n<h4 class=\"wp-block-heading\">Yleist\u00e4<\/h4>\n\n<p>Voitelukeskus, y-tunnus: 3377838-8, osoite: Turkkirata 10, 33960 Pirkkala; myy tuotteita yrityksille ja t\u00e4ysi-ik\u00e4isille yksityishenkil\u00f6ille EU-alueelle. N\u00e4m\u00e4 toimitusehdot soveltuvat tuotteiden tilaamiseen verkkokaupassamme sek\u00e4 vastaaviin toimituksiin.<\/p>\n\n<p>N\u00e4m\u00e4 toimitusehtomme ovat voimassa\u00a010.4.2024 alkaen. Voimme muuttaa toimitusehtoja yksipuolisesti aika ajoin, joten tutustuthan toimitusehtoihimme joka kerta etuk\u00e4teen kun tilaat tuotteita verkkokaupastamme.<\/p>\n\n<h4 class=\"wp-block-heading\">Tuotteet ja tuotehinnat<\/h4>\n\n<p>Verkkokaupan tuotteiden ominaisuudet ja hinnat on esitetty kunkin tuotteen tuote-esittelyn yhteydess\u00e4. Pid\u00e4t\u00e4mme oikeuden hintojen ja toimituskulujen muutoksiin. Tarkistathan ko. hinnat ostoskorista ennen kuin hyv\u00e4ksyt tilauksen. Tuotteiden hinnat sis\u00e4lt\u00e4v\u00e4t arvonlis\u00e4veron, mik\u00e4 ilmenee ostoskorissa ja tilausvahvistuksessa.<\/p>\n\n<h4 class=\"wp-block-heading\">Toimituskulut<\/h4>\n\n<p>Tilauksesta mahdollisesti veloitettavat toimituskulut riippuvat tuotteesta (esim. paino, pakkaus) ja valitusta toimitustavasta. Ne lis\u00e4t\u00e4\u00e4n automaattisesti tilauksen loppusummaan. N\u00e4et tilauksestasi veloitettavat toimituskulut ostoskoristasi ennen kuin hyv\u00e4ksyt tilauksen.<\/p>\n\n<h4 class=\"wp-block-heading\">Tilaaminen ja sopimus<\/h4>\n\n<p>Voit tilata tuotteita verkkokauppamme kotisivuilla siirt\u00e4m\u00e4ll\u00e4 niit\u00e4 ostoskoriin ja vahvistamalla tilauksen ja maksamalla ostoskorin sis\u00e4ll\u00f6n maksupalvelussa. Tilatessasi verkkokaupastamme sinun edellytet\u00e4\u00e4n tutustuneen ja sitoutuneen kulloinkin voimassa oleviin toimitusehtoihimme. Hyv\u00e4ksym\u00e4si ja vahvistamamme tilaus on sitova ja synnytt\u00e4\u00e4 n\u00e4iden toimitusehtojen kanssa sopimuksen v\u00e4lillemme.<\/p>\n\n<h4 class=\"wp-block-heading\">Maksaminen ja maksutavat<\/h4>\n\n<p>Voit maksaa tilauksesi verkkokaupassa kuvatuilla ja ostoskorissa valittavissa olevilla maksutavoilla.<\/p>\n\n<h4 class=\"wp-block-heading\">Tilaus- ja maksuvahvistus<\/h4>\n\n<p>Onnistuneen tilauksen j\u00e4lkeen s\u00e4hk\u00f6postiisi l\u00e4hetet\u00e4\u00e4n tilausvahvistus. Tilausvahvistuksessa vahvistetaan my\u00f6s k\u00e4ytetty maksutapa.<\/p>\n\n<h4 class=\"wp-block-heading\">Toimitustapa<\/h4>\n\n<p>Toimitamme tilauksesi valitsemallasi toimitustavalla, joka on mainittu kotisivuillamme tilauksesi yhteydess\u00e4.<\/p>\n\n<h4 class=\"wp-block-heading\">Toimitusaika<\/h4>\n\n<p>Yleisimm\u00e4t toimitusaikamme EU-alueelle ovat tilauksesta ja toimitustavasta riippuen\u00a01-5 p\u00e4iv\u00e4\u00e4. Tarkemmat ajat ilmoitetaan tuotevaihtoehtojen yhteydess\u00e4.<\/p>\n\n<h4 class=\"wp-block-heading\">Peruutusoikeus ja palautusehdot<\/h4>\n\n<p>Sinulla on oikeus peruuttaa tilaus ilmoittamalla siit\u00e4 meille viimeist\u00e4\u00e4n 14 p\u00e4iv\u00e4n kuluttua tavaran vastaanottamisesta. Peruutusoikeus koskee vain k\u00e4ytt\u00e4m\u00e4tt\u00f6mi\u00e4 ja alkuper\u00e4ispakkauksessa olevia tuotteita. Tavara on palautettava viivytyksett\u00e4 ja viimeist\u00e4\u00e4n 14 p\u00e4iv\u00e4n kuluttua peruuttamisilmoituksen tekemisest\u00e4.<\/p>\n\n<h4 class=\"wp-block-heading\">Palautusosoitteemme<\/h4>\n\n<p>Voitelukeskus<\/p>\n\n<p>Turkkirata 10<\/p>\n\n<p>33960 Pirkkala<\/p>\n\n<h4 class=\"wp-block-heading\">L\u00e4hetyksen tarkistus, virhe ja ongelmatilanteet<\/h4>\n\n<p>Jos tuote on kadonnut, vioittunut kuljetuksen aikana tai se ei muuten vastaa tilaustasi, ilmoitathan siit\u00e4 mahdollisimman pian Asiakaspalveluumme.<\/p>\n\n<h4 class=\"wp-block-heading\">Asiakaspalvelu<\/h4>\n\n<p>Asiakaspalvelumme auttaa sinua tilaukseesi liittyviss\u00e4 kysymyksiss\u00e4. Ota yhteytt\u00e4 s\u00e4hk\u00f6postitse <a href=\"mailto:info@voitelukeskus.com\">info@voitelukeskus.com<\/a> tai puhelimitse 020 7434 780.<\/p>\n\n<h4 class=\"wp-block-heading\">Vastuunrajoitus<\/h4>\n\n<p>Voitelukeskus ei vastaa tilaukseen, toimitukseen tai tuotteeseen liittyv\u00e4st\u00e4 v\u00e4litt\u00f6m\u00e4st\u00e4 tai v\u00e4lillisest\u00e4 vahingosta, paitsi kuluttajansuojalain tai muun pakottavan lains\u00e4\u00e4d\u00e4nn\u00f6n mukaisesti.<\/p>\n\n<h4 class=\"wp-block-heading\">Erimielisyydet<\/h4>\n\n<p>Pyrimme ensisijaisesti sopimaan erimielisyydet neuvotteluin. Jos erimielisyytt\u00e4 ei saada ratkaistua, kuluttaja voi saattaa asian kuluttajariitalautakunnan ratkaistavaksi.<\/p>\n\n<p>\u00a0<\/p>\n\n<p><br \/><br \/><\/p>\t\t\t\t\t\t\t\t<\/div>\n\t\t\t\t<\/div>\n\t\t\t\t\t<\/div>\n\t\t\t\t<\/div>\n\t\t\t\t<\/div>\n\t\t","protected":false},"excerpt":{"rendered":"<p>\u00a0 \u00a0 Voitelukeskus.com:n toimitusehdot \u00a0 Yleist\u00e4 Voitelukeskus, y-tunnus: 3377838-8, osoite: Turkkirata 10, 33960 Pirkkala; myy tuotteita yrityksille ja t\u00e4ysi-ik\u00e4isille yksityishenkil\u00f6ille EU-alueelle. N\u00e4m\u00e4 toimitusehdot soveltuvat tuotteiden tilaamiseen verkkokaupassamme sek\u00e4 vastaaviin toimituksiin. N\u00e4m\u00e4 toimitusehtomme ovat voimassa\u00a010.4.2024 alkaen. Voimme muuttaa toimitusehtoja yksipuolisesti aika ajoin, joten tutustuthan toimitusehtoihimme joka kerta etuk\u00e4teen kun tilaat tuotteita verkkokaupastamme. Tuotteet ja tuotehinnat Verkkokaupan [&hellip;]<\/p>\n","protected":false},"author":1,"featured_media":0,"parent":0,"menu_order":0,"comment_status":"closed","ping_status":"closed","template":"","meta":{"_acf_changed":false,"footnotes":""},"class_list":["post-11","page","type-page","status-publish","hentry"],"acf":[],"_links":{"self":[{"href":"https:\/\/voitelukeskus.fi\/fi\/wp-json\/wp\/v2\/pages\/11","targetHints":{"allow":["GET"]}}],"collection":[{"href":"https:\/\/voitelukeskus.fi\/fi\/wp-json\/wp\/v2\/pages"}],"about":[{"href":"https:\/\/voitelukeskus.fi\/fi\/wp-json\/wp\/v2\/types\/page"}],"author":[{"embeddable":true,"href":"https:\/\/voitelukeskus.fi\/fi\/wp-json\/wp\/v2\/users\/1"}],"replies":[{"embeddable":true,"href":"https:\/\/voitelukeskus.fi\/fi\/wp-json\/wp\/v2\/comments?post=11"}],"version-history":[{"count":13,"href":"https:\/\/voitelukeskus.fi\/fi\/wp-json\/wp\/v2\/pages\/11\/revisions"}],"predecessor-version":[{"id":2809,"href":"https:\/\/voitelukeskus.fi\/fi\/wp-json\/wp\/v2\/pages\/11\/revisions\/2809"}],"wp:attachment":[{"href":"https:\/\/voitelukeskus.fi\/fi\/wp-json\/wp\/v2\/media?parent=11"}],"curies":[{"name":"wp","href":"https:\/\/api.w.org\/{rel}","templated":true}]}}