{"id":3,"date":"2025-01-06T13:04:24","date_gmt":"2025-01-06T13:04:24","guid":{"rendered":"https:\/\/voitelukeskus.fi\/?page_id=3"},"modified":"2025-05-20T07:55:50","modified_gmt":"2025-05-20T07:55:50","slug":"tietoturvaseloste","status":"publish","type":"page","link":"https:\/\/voitelukeskus.fi\/en\/tietoturvaseloste\/","title":{"rendered":"Privacy Policy"},"content":{"rendered":"<style>.elementor-3 .elementor-element.elementor-element-210eb208{--display:flex;}.elementor-3 .elementor-element.elementor-element-62e875d1 > .elementor-widget-container{margin:0px 200px 0px 200px;}@media(max-width:767px){.elementor-3 .elementor-element.elementor-element-62e875d1 > .elementor-widget-container{margin:0px 10px 0px 10px;}}<\/style>\t\t<div data-elementor-type=\"wp-page\" data-elementor-id=\"3\" class=\"elementor elementor-3\" data-elementor-post-type=\"page\">\n\t\t\t\t<div class=\"elementor-element elementor-element-210eb208 e-flex e-con-boxed e-con e-parent\" data-id=\"210eb208\" data-element_type=\"container\" data-e-type=\"container\">\n\t\t\t\t\t<div class=\"e-con-inner\">\n\t\t\t\t<div class=\"elementor-element elementor-element-62e875d1 elementor-widget elementor-widget-text-editor\" data-id=\"62e875d1\" data-element_type=\"widget\" data-e-type=\"widget\" data-widget_type=\"text-editor.default\">\n\t\t\t\t<div class=\"elementor-widget-container\">\n\t\t\t\t\t\t\t\t\t<p>\u00a0<\/p>\n<p>\u00a0<\/p>\n\n<h3 class=\"wp-block-heading\">Voitelukeskus.com:n asiakasrekisterin tietosuojaseloste<\/h3>\n\n<p>\u00a0<\/p>\n\n<h4 class=\"wp-block-heading\">1. Rekisterinpit\u00e4j\u00e4<\/h4>\n\n<p>Rekisterin rekisterinpit\u00e4j\u00e4 on Voitelukeskus (y-tunnus: 3377838-8)<\/p>\n\n<p>Rekisteriasioiden yhteyshenkil\u00f6 on: Casper Siven<\/p>\n\n<p>Voitelukeskus<\/p>\n\n<p>Osoite: Turkkirata 10, 33960 Pirkkala<\/p>\n\n<p>Puhelin: 020 7434 780<\/p>\n\n<p>S\u00e4hk\u00f6posti: <a href=\"mailto:info@voitelukeskus.com\" data-type=\"link\" data-id=\"info@voitelukeskus.com\">info@voitelukeskus.com<\/a><\/p>\n\n<h4 class=\"wp-block-heading\">2. Rekisterin nimi<\/h4>\n\n<p>Rekisterin nimi on Voitelukeskus.com:n asiakasrekisteri.<\/p>\n\n<h4 class=\"wp-block-heading\">3. Henkil\u00f6tietojen k\u00e4sittelyn tarkoitus<\/h4>\n\n<p>Henkil\u00f6tietoja k\u00e4sitell\u00e4\u00e4n asiakassuhteen hoitamiseen, hallinnointiin ja kehitt\u00e4miseen, palvelujen tarjoamiseen ja toimittamiseen sek\u00e4 palvelujen kehitt\u00e4miseen ja laskutukseen liittyen. Lis\u00e4ksi k\u00e4sitell\u00e4\u00e4n mahdollisten reklamaatioiden ja muiden vaatimusten selvitt\u00e4miseen, viestint\u00e4\u00e4n, tiedotukseen, uutisointiin sek\u00e4 markkinointiin, mukaan lukien suoramarkkinointi ja s\u00e4hk\u00f6inen suoramarkkinointi.<\/p>\n\n<p>Asiakkaalla on oikeus kielt\u00e4\u00e4 h\u00e4nelle kohdistettu suoramarkkinointi.<\/p>\n\n<h4 class=\"wp-block-heading\">4. K\u00e4sittelyn oikeusperusteet<\/h4>\n\n<p>K\u00e4sittelyn oikeusperusteet ovat GDPR:n mukaiset: suostumus, sopimuksen t\u00e4yt\u00e4nt\u00f6\u00f6npano, rekisterinpit\u00e4j\u00e4n tai kolmannen osapuolen oikeutetut edut.<\/p>\n\n<h4 class=\"wp-block-heading\">5. Rekisterin tietosis\u00e4lt\u00f6<\/h4>\n\n<p>Rekisteri sis\u00e4lt\u00e4\u00e4 henkil\u00f6n perustiedot ja yhteystiedot, yritykseen tai muuhun organisaatioon liittyv\u00e4t tiedot sek\u00e4 suoramarkkinointiluvat ja -kiellot.<\/p>\n\n<h4 class=\"wp-block-heading\">6. S\u00e4\u00e4nn\u00f6nmukaiset tietol\u00e4hteet<\/h4>\n\n<p>Henkil\u00f6tietoja ker\u00e4t\u00e4\u00e4n rekister\u00f6idylt\u00e4 itselt\u00e4\u00e4n sek\u00e4 yleisesti saatavilla olevista l\u00e4hteist\u00e4.<\/p>\n\n<h4 class=\"wp-block-heading\">7. Henkil\u00f6tietojen s\u00e4ilytysaika<\/h4>\n\n<p>Tietoja s\u00e4ilytet\u00e4\u00e4n vain tarvittavan ajan. Tietojen s\u00e4ilytt\u00e4misen tarpeellisuutta arvioidaan s\u00e4\u00e4nn\u00f6llisesti, esimerkiksi viiden vuoden v\u00e4lein. Tiedot poistetaan, kun asiakassuhde p\u00e4\u00e4ttyy ja kaikki siihen liittyv\u00e4t velvollisuudet on suoritettu, yleisen\u00e4 ohjeena [kuinka monta vuotta] asiakassuhteen p\u00e4\u00e4ttymisen j\u00e4lkeen.<\/p>\n\n<h4 class=\"wp-block-heading\">8. Henkil\u00f6tietojen vastaanottajat<\/h4>\n\n<p>Henkil\u00f6tietoja ei luovuteta ulkopuolisille tahoille.<\/p>\n\n<h4 class=\"wp-block-heading\">9. Tietojen siirto EU:n tai ETA:n ulkopuolelle<\/h4>\n\n<p>Henkil\u00f6tietoja ei siirret\u00e4 EU:n tai ETA:n ulkopuolelle.<\/p>\n\n<h4 class=\"wp-block-heading\">10. Rekisterin suojauksen periaatteet<\/h4>\n\n<p>Tietoja s\u00e4ilytet\u00e4\u00e4n lukituissa tiloissa ja tietokannat on suojattu palomuureilla ja muilla teknisill\u00e4 suojauksilla. K\u00e4ytt\u00f6oikeudet on rajattu ja k\u00e4ytt\u00f6tapahtumat lokitetaan.<\/p>\n\n<h4 class=\"wp-block-heading\">11. Rekister\u00f6idyn oikeudet<\/h4>\n\n<p>Rekister\u00f6idyll\u00e4 on GDPR:n mukaiset oikeudet, kuten oikeus tietojen saantiin, oikaisuun, poistoon ja k\u00e4sittelyn rajoittamiseen sek\u00e4 valitusoikeus valvontaviranomaiselle.<\/p>\n\n<h4 class=\"wp-block-heading\">12. Verkkoanalytiikka<\/h4>\n\n<p>K\u00e4yt\u00e4mme Google Analyticsia ker\u00e4\u00e4m\u00e4\u00e4n anonymisoitua tietoa sivuillamme vierailijoista.<\/p>\n\n<h4 class=\"wp-block-heading\">13. Kohdennettu markkinointi<\/h4>\n\n<p>Kohdennettua markkinointia toteutetaan TikTokin, META:n sek\u00e4 Googlen palveluissa.<\/p>\n\n<p><br \/><br \/><\/p>\t\t\t\t\t\t\t\t<\/div>\n\t\t\t\t<\/div>\n\t\t\t\t\t<\/div>\n\t\t\t\t<\/div>\n\t\t\t\t<\/div>\n\t\t","protected":false},"excerpt":{"rendered":"<p>\u00a0 \u00a0 Voitelukeskus.com:n asiakasrekisterin tietosuojaseloste \u00a0 1. Rekisterinpit\u00e4j\u00e4 Rekisterin rekisterinpit\u00e4j\u00e4 on Voitelukeskus (y-tunnus: 3377838-8) Rekisteriasioiden yhteyshenkil\u00f6 on: Casper Siven Voitelukeskus Osoite: Turkkirata 10, 33960 Pirkkala Puhelin: 020 7434 780 S\u00e4hk\u00f6posti: info@voitelukeskus.com 2. Rekisterin nimi Rekisterin nimi on Voitelukeskus.com:n asiakasrekisteri. 3. Henkil\u00f6tietojen k\u00e4sittelyn tarkoitus Henkil\u00f6tietoja k\u00e4sitell\u00e4\u00e4n asiakassuhteen hoitamiseen, hallinnointiin ja kehitt\u00e4miseen, palvelujen tarjoamiseen ja toimittamiseen sek\u00e4 [&hellip;]<\/p>\n","protected":false},"author":1,"featured_media":0,"parent":0,"menu_order":0,"comment_status":"closed","ping_status":"closed","template":"","meta":{"_acf_changed":false,"footnotes":""},"class_list":["post-3","page","type-page","status-publish","hentry"],"acf":[],"_links":{"self":[{"href":"https:\/\/voitelukeskus.fi\/en\/wp-json\/wp\/v2\/pages\/3","targetHints":{"allow":["GET"]}}],"collection":[{"href":"https:\/\/voitelukeskus.fi\/en\/wp-json\/wp\/v2\/pages"}],"about":[{"href":"https:\/\/voitelukeskus.fi\/en\/wp-json\/wp\/v2\/types\/page"}],"author":[{"embeddable":true,"href":"https:\/\/voitelukeskus.fi\/en\/wp-json\/wp\/v2\/users\/1"}],"replies":[{"embeddable":true,"href":"https:\/\/voitelukeskus.fi\/en\/wp-json\/wp\/v2\/comments?post=3"}],"version-history":[{"count":19,"href":"https:\/\/voitelukeskus.fi\/en\/wp-json\/wp\/v2\/pages\/3\/revisions"}],"predecessor-version":[{"id":2806,"href":"https:\/\/voitelukeskus.fi\/en\/wp-json\/wp\/v2\/pages\/3\/revisions\/2806"}],"wp:attachment":[{"href":"https:\/\/voitelukeskus.fi\/en\/wp-json\/wp\/v2\/media?parent=3"}],"curies":[{"name":"wp","href":"https:\/\/api.w.org\/{rel}","templated":true}]}}